{"id":824,"date":"2021-03-30T09:11:29","date_gmt":"2021-03-30T07:11:29","guid":{"rendered":"https:\/\/www.arena-events.fr\/?page_id=824"},"modified":"2021-04-20T12:04:28","modified_gmt":"2021-04-20T10:04:28","slug":"finale-et-demi-finale-de-la-coupe-du-monde-a-londres","status":"publish","type":"page","link":"https:\/\/www.arena-events.fr\/fr\/accueil\/sports\/rugby\/finale-et-demi-finale-de-la-coupe-du-monde-a-londres\/","title":{"rendered":"Finale et demi-finale de la Coupe du Monde \u00e0 Londres"},"content":{"rendered":"\t\t<div data-elementor-type=\"wp-page\" data-elementor-id=\"824\" class=\"elementor elementor-824\" data-elementor-post-type=\"page\">\n\t\t\t\t\t\t<section class=\"elementor-section elementor-top-section elementor-element elementor-element-2eabbbb9 elementor-section-boxed elementor-section-height-default elementor-section-height-default\" data-id=\"2eabbbb9\" data-element_type=\"section\" data-e-type=\"section\" data-settings=\"{&quot;background_background&quot;:&quot;classic&quot;}\">\n\t\t\t\t\t\t<div class=\"elementor-container elementor-column-gap-no\">\n\t\t\t\t\t<div class=\"elementor-column elementor-col-100 elementor-top-column elementor-element elementor-element-5d431152\" data-id=\"5d431152\" data-element_type=\"column\" data-e-type=\"column\">\n\t\t\t<div class=\"elementor-widget-wrap elementor-element-populated\">\n\t\t\t\t\t\t<section class=\"elementor-section elementor-inner-section elementor-element elementor-element-7e07d973 elementor-section-full_width elementor-section-height-default elementor-section-height-default\" data-id=\"7e07d973\" data-element_type=\"section\" data-e-type=\"section\">\n\t\t\t\t\t\t<div class=\"elementor-container elementor-column-gap-wider\">\n\t\t\t\t\t<div class=\"elementor-column elementor-col-33 elementor-inner-column elementor-element elementor-element-6fae240a\" data-id=\"6fae240a\" data-element_type=\"column\" data-e-type=\"column\">\n\t\t\t<div class=\"elementor-widget-wrap\">\n\t\t\t\t\t\t\t<\/div>\n\t\t<\/div>\n\t\t\t\t<div class=\"elementor-column elementor-col-33 elementor-inner-column elementor-element elementor-element-e0a2203\" data-id=\"e0a2203\" data-element_type=\"column\" data-e-type=\"column\">\n\t\t\t<div class=\"elementor-widget-wrap elementor-element-populated\">\n\t\t\t\t\t\t<div class=\"elementor-element elementor-element-586beb0d elementor-widget__width-auto de_scroll_animation_no elementor-widget elementor-widget-heading\" data-id=\"586beb0d\" data-element_type=\"widget\" data-e-type=\"widget\" data-widget_type=\"heading.default\">\n\t\t\t\t<div class=\"elementor-widget-container\">\n\t\t\t\t\t<div class=\"elementor-heading-title elementor-size-default\">Coupe du monde<\/div>\t\t\t\t<\/div>\n\t\t\t\t<\/div>\n\t\t\t\t<div class=\"elementor-element elementor-element-54faca26 elementor-headline--style-rotate elementor-widget__width-auto de_scroll_animation_no elementor-widget elementor-widget-animated-headline\" data-id=\"54faca26\" data-element_type=\"widget\" data-e-type=\"widget\" data-settings=\"{&quot;headline_style&quot;:&quot;rotate&quot;,&quot;animation_type&quot;:&quot;blinds&quot;,&quot;rotating_text&quot;:&quot;\\u2014\\n\\u2014&quot;,&quot;loop&quot;:&quot;yes&quot;,&quot;rotate_iteration_delay&quot;:2500}\" data-widget_type=\"animated-headline.default\">\n\t\t\t\t<div class=\"elementor-widget-container\">\n\t\t\t\t\t\t\t<div class=\"elementor-headline elementor-headline-animation-type-blinds elementor-headline-letters\">\n\t\t\t\t<span class=\"elementor-headline-dynamic-wrapper elementor-headline-text-wrapper\">\n\t\t\t\t\t<span class=\"elementor-headline-dynamic-text elementor-headline-text-active\">\n\t\t\t\t\u2014\t\t\t<\/span>\n\t\t\t\t\t<span class=\"elementor-headline-dynamic-text\">\n\t\t\t\t\u2014\t\t\t<\/span>\n\t\t\t\t\t\t<\/span>\n\t\t\t\t<\/div>\n\t\t\t\t\t\t<\/div>\n\t\t\t\t<\/div>\n\t\t\t\t<div class=\"elementor-element elementor-element-6e68c22b de_scroll_animation_no elementor-invisible elementor-widget elementor-widget-heading\" data-id=\"6e68c22b\" data-element_type=\"widget\" data-e-type=\"widget\" data-settings=\"{&quot;_animation&quot;:&quot;fadeInDown&quot;}\" data-widget_type=\"heading.default\">\n\t\t\t\t<div class=\"elementor-widget-container\">\n\t\t\t\t\t<h2 class=\"elementor-heading-title elementor-size-default\">Finale et demi-finale Londres<\/h2>\t\t\t\t<\/div>\n\t\t\t\t<\/div>\n\t\t\t\t\t<\/div>\n\t\t<\/div>\n\t\t\t\t<div class=\"elementor-column elementor-col-33 elementor-inner-column elementor-element elementor-element-34c447a2\" data-id=\"34c447a2\" data-element_type=\"column\" data-e-type=\"column\">\n\t\t\t<div class=\"elementor-widget-wrap\">\n\t\t\t\t\t\t\t<\/div>\n\t\t<\/div>\n\t\t\t\t\t<\/div>\n\t\t<\/section>\n\t\t\t\t<section class=\"elementor-section elementor-inner-section elementor-element elementor-element-5b4a3c11 elementor-section-boxed elementor-section-height-default elementor-section-height-default\" data-id=\"5b4a3c11\" data-element_type=\"section\" data-e-type=\"section\">\n\t\t\t\t\t\t<div class=\"elementor-container elementor-column-gap-wider\">\n\t\t\t\t\t<div class=\"elementor-column elementor-col-100 elementor-inner-column elementor-element elementor-element-217af654\" data-id=\"217af654\" data-element_type=\"column\" data-e-type=\"column\">\n\t\t\t<div class=\"elementor-widget-wrap elementor-element-populated\">\n\t\t\t\t\t\t<div class=\"elementor-element elementor-element-388d6d78 de_scroll_animation_no elementor-widget elementor-widget-image\" data-id=\"388d6d78\" data-element_type=\"widget\" data-e-type=\"widget\" data-settings=\"{&quot;motion_fx_motion_fx_scrolling&quot;:&quot;yes&quot;,&quot;motion_fx_scale_effect&quot;:&quot;yes&quot;,&quot;motion_fx_scale_direction&quot;:&quot;in-out-in&quot;,&quot;motion_fx_scale_speed&quot;:{&quot;unit&quot;:&quot;px&quot;,&quot;size&quot;:&quot;1&quot;,&quot;sizes&quot;:[]},&quot;motion_fx_scale_range&quot;:{&quot;unit&quot;:&quot;%&quot;,&quot;size&quot;:&quot;&quot;,&quot;sizes&quot;:{&quot;start&quot;:&quot;32&quot;,&quot;end&quot;:&quot;100&quot;}},&quot;motion_fx_devices&quot;:[&quot;desktop&quot;,&quot;tablet&quot;,&quot;mobile&quot;]}\" data-widget_type=\"image.default\">\n\t\t\t\t<div class=\"elementor-widget-container\">\n\t\t\t\t\t\t\t\t\t\t\t\t\t\t\t<img fetchpriority=\"high\" decoding=\"async\" width=\"800\" height=\"534\" src=\"https:\/\/www.arena-events.fr\/wp-content\/uploads\/2021\/03\/thomas-evraert-uVkQcc3dWUo-unsplash-1024x683.jpg\" class=\"attachment-large size-large wp-image-827\" alt=\"\" srcset=\"https:\/\/www.arena-events.fr\/wp-content\/uploads\/2021\/03\/thomas-evraert-uVkQcc3dWUo-unsplash-1024x683.jpg 1024w, https:\/\/www.arena-events.fr\/wp-content\/uploads\/2021\/03\/thomas-evraert-uVkQcc3dWUo-unsplash-300x200.jpg 300w, https:\/\/www.arena-events.fr\/wp-content\/uploads\/2021\/03\/thomas-evraert-uVkQcc3dWUo-unsplash-768x512.jpg 768w, https:\/\/www.arena-events.fr\/wp-content\/uploads\/2021\/03\/thomas-evraert-uVkQcc3dWUo-unsplash-1536x1024.jpg 1536w, https:\/\/www.arena-events.fr\/wp-content\/uploads\/2021\/03\/thomas-evraert-uVkQcc3dWUo-unsplash-scaled.jpg 2048w, https:\/\/www.arena-events.fr\/wp-content\/uploads\/2021\/03\/thomas-evraert-uVkQcc3dWUo-unsplash-16x12.jpg 16w\" sizes=\"(max-width: 800px) 100vw, 800px\" \/>\t\t\t\t\t\t\t\t\t\t\t\t\t\t\t<\/div>\n\t\t\t\t<\/div>\n\t\t\t\t<div class=\"elementor-element elementor-element-177f8d9e de_scroll_animation_no elementor-widget elementor-widget-image\" data-id=\"177f8d9e\" data-element_type=\"widget\" data-e-type=\"widget\" data-settings=\"{&quot;motion_fx_motion_fx_scrolling&quot;:&quot;yes&quot;,&quot;motion_fx_scale_effect&quot;:&quot;yes&quot;,&quot;motion_fx_scale_direction&quot;:&quot;out-in-out&quot;,&quot;motion_fx_scale_speed&quot;:{&quot;unit&quot;:&quot;px&quot;,&quot;size&quot;:&quot;1&quot;,&quot;sizes&quot;:[]},&quot;motion_fx_scale_range&quot;:{&quot;unit&quot;:&quot;%&quot;,&quot;size&quot;:&quot;&quot;,&quot;sizes&quot;:{&quot;start&quot;:&quot;51&quot;,&quot;end&quot;:&quot;99&quot;}},&quot;motion_fx_devices&quot;:[&quot;desktop&quot;,&quot;tablet&quot;,&quot;mobile&quot;]}\" data-widget_type=\"image.default\">\n\t\t\t\t<div class=\"elementor-widget-container\">\n\t\t\t\t\t\t\t\t\t\t\t\t\t\t\t<img decoding=\"async\" width=\"1384\" height=\"922\" src=\"https:\/\/www.arena-events.fr\/wp-content\/uploads\/2021\/03\/Sans-3titre.jpg\" class=\"attachment-full size-full wp-image-582\" alt=\"\" srcset=\"https:\/\/www.arena-events.fr\/wp-content\/uploads\/2021\/03\/Sans-3titre.jpg 1384w, https:\/\/www.arena-events.fr\/wp-content\/uploads\/2021\/03\/Sans-3titre-300x200.jpg 300w, https:\/\/www.arena-events.fr\/wp-content\/uploads\/2021\/03\/Sans-3titre-1024x682.jpg 1024w, https:\/\/www.arena-events.fr\/wp-content\/uploads\/2021\/03\/Sans-3titre-768x512.jpg 768w, https:\/\/www.arena-events.fr\/wp-content\/uploads\/2021\/03\/Sans-3titre-16x12.jpg 16w\" sizes=\"(max-width: 1384px) 100vw, 1384px\" \/>\t\t\t\t\t\t\t\t\t\t\t\t\t\t\t<\/div>\n\t\t\t\t<\/div>\n\t\t\t\t\t<\/div>\n\t\t<\/div>\n\t\t\t\t\t<\/div>\n\t\t<\/section>\n\t\t\t\t<section class=\"elementor-section elementor-inner-section elementor-element elementor-element-4ee90555 elementor-section-boxed elementor-section-height-default elementor-section-height-default\" data-id=\"4ee90555\" data-element_type=\"section\" data-e-type=\"section\">\n\t\t\t\t\t\t<div class=\"elementor-container elementor-column-gap-wider\">\n\t\t\t\t\t<div class=\"elementor-column elementor-col-33 elementor-inner-column elementor-element elementor-element-17c8b7f7\" data-id=\"17c8b7f7\" data-element_type=\"column\" data-e-type=\"column\">\n\t\t\t<div class=\"elementor-widget-wrap elementor-element-populated\">\n\t\t\t\t\t\t<div class=\"elementor-element elementor-element-7420b7fc de_scroll_animation_no elementor-invisible elementor-widget elementor-widget-heading\" data-id=\"7420b7fc\" data-element_type=\"widget\" data-e-type=\"widget\" data-settings=\"{&quot;_animation&quot;:&quot;fadeInDown&quot;}\" data-widget_type=\"heading.default\">\n\t\t\t\t<div class=\"elementor-widget-container\">\n\t\t\t\t\t<h3 class=\"elementor-heading-title elementor-size-default\">La coupe du monde de Rugby avec une hospitalit\u00e9 VIP<\/h3>\t\t\t\t<\/div>\n\t\t\t\t<\/div>\n\t\t\t\t<div class=\"elementor-element elementor-element-54b9a05d de_scroll_animation_no elementor-widget elementor-widget-text-editor\" data-id=\"54b9a05d\" data-element_type=\"widget\" data-e-type=\"widget\" data-widget_type=\"text-editor.default\">\n\t\t\t\t<div class=\"elementor-widget-container\">\n\t\t\t\t\t\t\t\t\t<p>Le stade de Twickenham est une enceinte consacr\u00e9e au rugby \u00e0 XV. Localis\u00e9e au sud-ouest de Londres, c&rsquo;est dans cette ar\u00e8ne de 82 000 places que nos clients ont soutenu leur \u00e9quipe lors de la finale et demi-finale de la Coupe du Monde de Rugby, avec une hospitalit\u00e9 VIP.<\/p><p>\u00a0<\/p>\t\t\t\t\t\t\t\t<\/div>\n\t\t\t\t<\/div>\n\t\t\t\t\t<\/div>\n\t\t<\/div>\n\t\t\t\t<div class=\"elementor-column elementor-col-33 elementor-inner-column elementor-element elementor-element-1acb62bc\" data-id=\"1acb62bc\" data-element_type=\"column\" data-e-type=\"column\">\n\t\t\t<div class=\"elementor-widget-wrap\">\n\t\t\t\t\t\t\t<\/div>\n\t\t<\/div>\n\t\t\t\t<div class=\"elementor-column elementor-col-33 elementor-inner-column elementor-element elementor-element-355a9b1\" data-id=\"355a9b1\" data-element_type=\"column\" data-e-type=\"column\">\n\t\t\t<div class=\"elementor-widget-wrap elementor-element-populated\">\n\t\t\t\t\t\t<div class=\"elementor-element elementor-element-1b48f7d8 elementor-widget__width-initial elementor-widget-mobile__width-initial de_scroll_animation_no elementor-widget elementor-widget-heading\" data-id=\"1b48f7d8\" data-element_type=\"widget\" data-e-type=\"widget\" data-widget_type=\"heading.default\">\n\t\t\t\t<div class=\"elementor-widget-container\">\n\t\t\t\t\t<span class=\"elementor-heading-title elementor-size-default\">Lieu<\/span>\t\t\t\t<\/div>\n\t\t\t\t<\/div>\n\t\t\t\t<div class=\"elementor-element elementor-element-610ef82d elementor-widget__width-initial elementor-widget-tablet__width-initial elementor-widget-mobile__width-initial de_scroll_animation_no elementor-widget elementor-widget-heading\" data-id=\"610ef82d\" data-element_type=\"widget\" data-e-type=\"widget\" data-widget_type=\"heading.default\">\n\t\t\t\t<div class=\"elementor-widget-container\">\n\t\t\t\t\t<span class=\"elementor-heading-title elementor-size-default\">Londres, Angleterre<\/span>\t\t\t\t<\/div>\n\t\t\t\t<\/div>\n\t\t\t\t<div class=\"elementor-element elementor-element-36501307 elementor-widget-divider--view-line de_scroll_animation_no elementor-widget elementor-widget-divider\" data-id=\"36501307\" data-element_type=\"widget\" data-e-type=\"widget\" data-widget_type=\"divider.default\">\n\t\t\t\t<div class=\"elementor-widget-container\">\n\t\t\t\t\t\t\t<div class=\"elementor-divider\">\n\t\t\t<span class=\"elementor-divider-separator\">\n\t\t\t\t\t\t<\/span>\n\t\t<\/div>\n\t\t\t\t\t\t<\/div>\n\t\t\t\t<\/div>\n\t\t\t\t<div class=\"elementor-element elementor-element-2c310784 elementor-widget__width-initial elementor-widget-mobile__width-initial de_scroll_animation_no elementor-widget elementor-widget-heading\" data-id=\"2c310784\" data-element_type=\"widget\" data-e-type=\"widget\" data-widget_type=\"heading.default\">\n\t\t\t\t<div class=\"elementor-widget-container\">\n\t\t\t\t\t<span class=\"elementor-heading-title elementor-size-default\">Nombre<\/span>\t\t\t\t<\/div>\n\t\t\t\t<\/div>\n\t\t\t\t<div class=\"elementor-element elementor-element-1e14ba32 elementor-widget__width-initial elementor-widget-tablet__width-initial elementor-widget-mobile__width-initial de_scroll_animation_no elementor-widget elementor-widget-heading\" data-id=\"1e14ba32\" data-element_type=\"widget\" data-e-type=\"widget\" data-widget_type=\"heading.default\">\n\t\t\t\t<div class=\"elementor-widget-container\">\n\t\t\t\t\t<span class=\"elementor-heading-title elementor-size-default\">100 personnes<\/span>\t\t\t\t<\/div>\n\t\t\t\t<\/div>\n\t\t\t\t<div class=\"elementor-element elementor-element-1c80b674 elementor-widget-divider--view-line de_scroll_animation_no elementor-widget elementor-widget-divider\" data-id=\"1c80b674\" data-element_type=\"widget\" data-e-type=\"widget\" data-widget_type=\"divider.default\">\n\t\t\t\t<div class=\"elementor-widget-container\">\n\t\t\t\t\t\t\t<div class=\"elementor-divider\">\n\t\t\t<span class=\"elementor-divider-separator\">\n\t\t\t\t\t\t<\/span>\n\t\t<\/div>\n\t\t\t\t\t\t<\/div>\n\t\t\t\t<\/div>\n\t\t\t\t\t<\/div>\n\t\t<\/div>\n\t\t\t\t\t<\/div>\n\t\t<\/section>\n\t\t\t\t\t<\/div>\n\t\t<\/div>\n\t\t\t\t\t<\/div>\n\t\t<\/section>\n\t\t\t\t<section class=\"elementor-section elementor-top-section elementor-element elementor-element-7ae9c18d elementor-section-content-middle elementor-section-boxed elementor-section-height-default elementor-section-height-default\" data-id=\"7ae9c18d\" data-element_type=\"section\" data-e-type=\"section\">\n\t\t\t\t\t\t<div class=\"elementor-container elementor-column-gap-wider\">\n\t\t\t\t\t<div class=\"elementor-column elementor-col-100 elementor-top-column elementor-element elementor-element-59b634ae\" data-id=\"59b634ae\" data-element_type=\"column\" data-e-type=\"column\">\n\t\t\t<div class=\"elementor-widget-wrap elementor-element-populated\">\n\t\t\t\t\t\t<div class=\"elementor-element elementor-element-778b64b de_scroll_animation_no elementor-widget elementor-widget-gallery\" data-id=\"778b64b\" data-element_type=\"widget\" data-e-type=\"widget\" data-settings=\"{&quot;gallery_layout&quot;:&quot;masonry&quot;,&quot;columns&quot;:3,&quot;gap&quot;:{&quot;unit&quot;:&quot;px&quot;,&quot;size&quot;:30,&quot;sizes&quot;:[]},&quot;lazyload&quot;:&quot;yes&quot;,&quot;columns_tablet&quot;:2,&quot;columns_mobile&quot;:1,&quot;gap_tablet&quot;:{&quot;unit&quot;:&quot;px&quot;,&quot;size&quot;:10,&quot;sizes&quot;:[]},&quot;gap_mobile&quot;:{&quot;unit&quot;:&quot;px&quot;,&quot;size&quot;:10,&quot;sizes&quot;:[]},&quot;link_to&quot;:&quot;file&quot;,&quot;overlay_background&quot;:&quot;yes&quot;,&quot;content_hover_animation&quot;:&quot;fade-in&quot;}\" data-widget_type=\"gallery.default\">\n\t\t\t\t<div class=\"elementor-widget-container\">\n\t\t\t\t\t\t\t<div class=\"elementor-gallery__container\">\n\t\t\t\t\t\t\t<a class=\"e-gallery-item elementor-gallery-item elementor-animated-content\" href=\"https:\/\/www.arena-events.fr\/wp-content\/uploads\/2021\/03\/Sans-3titre.jpg\" data-elementor-open-lightbox=\"yes\" data-elementor-lightbox-slideshow=\"778b64b\" data-elementor-lightbox-title=\"Sans 3titre\" data-e-action-hash=\"#elementor-action%3Aaction%3Dlightbox%26settings%3DeyJpZCI6NTgyLCJ1cmwiOiJodHRwczpcL1wvd3d3LmFyZW5hLWV2ZW50cy5mclwvd3AtY29udGVudFwvdXBsb2Fkc1wvMjAyMVwvMDNcL1NhbnMtM3RpdHJlLmpwZyIsInNsaWRlc2hvdyI6Ijc3OGI2NGIifQ%3D%3D\">\n\t\t\t\t\t<div class=\"e-gallery-image elementor-gallery-item__image\" data-thumbnail=\"https:\/\/www.arena-events.fr\/wp-content\/uploads\/2021\/03\/Sans-3titre.jpg\" data-width=\"1384\" data-height=\"922\" aria-label=\"\" role=\"img\" ><\/div>\n\t\t\t\t\t\t\t\t\t\t\t<div class=\"elementor-gallery-item__overlay\"><\/div>\n\t\t\t\t\t\t\t\t\t\t\t\t\t\t<\/a>\n\t\t\t\t\t\t\t<a class=\"e-gallery-item elementor-gallery-item elementor-animated-content\" href=\"https:\/\/www.arena-events.fr\/wp-content\/uploads\/2021\/03\/thomas-evraert-uVkQcc3dWUo-unsplash-scaled.jpg\" data-elementor-open-lightbox=\"yes\" data-elementor-lightbox-slideshow=\"778b64b\" data-elementor-lightbox-title=\"thomas-evraert-uVkQcc3dWUo-unsplash\" data-e-action-hash=\"#elementor-action%3Aaction%3Dlightbox%26settings%3DeyJpZCI6ODI3LCJ1cmwiOiJodHRwczpcL1wvd3d3LmFyZW5hLWV2ZW50cy5mclwvd3AtY29udGVudFwvdXBsb2Fkc1wvMjAyMVwvMDNcL3Rob21hcy1ldnJhZXJ0LXVWa1FjYzNkV1VvLXVuc3BsYXNoLXNjYWxlZC5qcGciLCJzbGlkZXNob3ciOiI3NzhiNjRiIn0%3D\">\n\t\t\t\t\t<div class=\"e-gallery-image elementor-gallery-item__image\" data-thumbnail=\"https:\/\/www.arena-events.fr\/wp-content\/uploads\/2021\/03\/thomas-evraert-uVkQcc3dWUo-unsplash-scaled.jpg\" data-width=\"2048\" data-height=\"1365\" aria-label=\"\" role=\"img\" ><\/div>\n\t\t\t\t\t\t\t\t\t\t\t<div class=\"elementor-gallery-item__overlay\"><\/div>\n\t\t\t\t\t\t\t\t\t\t\t\t\t\t<\/a>\n\t\t\t\t\t<\/div>\n\t\t\t\t\t<\/div>\n\t\t\t\t<\/div>\n\t\t\t\t\t<\/div>\n\t\t<\/div>\n\t\t\t\t\t<\/div>\n\t\t<\/section>\n\t\t\t\t<section class=\"elementor-section elementor-top-section elementor-element elementor-element-579cc95e elementor-section-boxed elementor-section-height-default elementor-section-height-default\" data-id=\"579cc95e\" data-element_type=\"section\" data-e-type=\"section\">\n\t\t\t\t\t\t<div class=\"elementor-container elementor-column-gap-default\">\n\t\t\t\t\t<div class=\"elementor-column elementor-col-100 elementor-top-column elementor-element elementor-element-7f5005ef\" data-id=\"7f5005ef\" data-element_type=\"column\" data-e-type=\"column\">\n\t\t\t<div class=\"elementor-widget-wrap elementor-element-populated\">\n\t\t\t\t\t\t<div class=\"elementor-element elementor-element-7103568a elementor-align-center de_scroll_animation_no elementor-widget elementor-widget-button\" data-id=\"7103568a\" data-element_type=\"widget\" data-e-type=\"widget\" data-widget_type=\"button.default\">\n\t\t\t\t<div class=\"elementor-widget-container\">\n\t\t\t\t\t\t\t\t\t<div class=\"elementor-button-wrapper\">\n\t\t\t\t\t<a class=\"elementor-button elementor-button-link elementor-size-lg\" href=\"https:\/\/www.arena-events.fr\/accueil\/sports\/\">\n\t\t\t\t\t\t<span class=\"elementor-button-content-wrapper\">\n\t\t\t\t\t\t<span class=\"elementor-button-icon\">\n\t\t\t\t<i aria-hidden=\"true\" class=\"dticon dticon-arrow-back-outline\"><\/i>\t\t\t<\/span>\n\t\t\t\t\t\t\t\t\t<span class=\"elementor-button-text\">REVENIR AUX \u00c9V\u00c9NEMENTS<\/span>\n\t\t\t\t\t<\/span>\n\t\t\t\t\t<\/a>\n\t\t\t\t<\/div>\n\t\t\t\t\t\t\t\t<\/div>\n\t\t\t\t<\/div>\n\t\t\t\t\t<\/div>\n\t\t<\/div>\n\t\t\t\t\t<\/div>\n\t\t<\/section>\n\t\t\t\t<\/div>\n\t\t","protected":false},"excerpt":{"rendered":"<p>Coupe du monde \u2014 \u2014 Finale et demi-finale Londres La coupe du monde de Rugby avec une hospitalit\u00e9 VIP Le stade de Twickenham est une enceinte consacr\u00e9e au rugby \u00e0 XV. Localis\u00e9e au sud-ouest de Londres, c&rsquo;est dans cette ar\u00e8ne de 82 000 places que nos clients ont soutenu leur \u00e9quipe lors de la finale [&hellip;]<\/p>\n","protected":false},"author":1,"featured_media":0,"parent":404,"menu_order":2,"comment_status":"closed","ping_status":"closed","template":"","meta":{"footnotes":""},"class_list":["post-824","page","type-page","status-publish","hentry"],"_links":{"self":[{"href":"https:\/\/www.arena-events.fr\/fr\/wp-json\/wp\/v2\/pages\/824","targetHints":{"allow":["GET"]}}],"collection":[{"href":"https:\/\/www.arena-events.fr\/fr\/wp-json\/wp\/v2\/pages"}],"about":[{"href":"https:\/\/www.arena-events.fr\/fr\/wp-json\/wp\/v2\/types\/page"}],"author":[{"embeddable":true,"href":"https:\/\/www.arena-events.fr\/fr\/wp-json\/wp\/v2\/users\/1"}],"replies":[{"embeddable":true,"href":"https:\/\/www.arena-events.fr\/fr\/wp-json\/wp\/v2\/comments?post=824"}],"version-history":[{"count":7,"href":"https:\/\/www.arena-events.fr\/fr\/wp-json\/wp\/v2\/pages\/824\/revisions"}],"predecessor-version":[{"id":1186,"href":"https:\/\/www.arena-events.fr\/fr\/wp-json\/wp\/v2\/pages\/824\/revisions\/1186"}],"up":[{"embeddable":true,"href":"https:\/\/www.arena-events.fr\/fr\/wp-json\/wp\/v2\/pages\/404"}],"wp:attachment":[{"href":"https:\/\/www.arena-events.fr\/fr\/wp-json\/wp\/v2\/media?parent=824"}],"curies":[{"name":"wp","href":"https:\/\/api.w.org\/{rel}","templated":true}]}}