{"id":815,"date":"2021-03-30T09:05:36","date_gmt":"2021-03-30T07:05:36","guid":{"rendered":"https:\/\/www.arena-events.fr\/?page_id=815"},"modified":"2021-04-20T12:03:38","modified_gmt":"2021-04-20T10:03:38","slug":"tournoi-des-6-nations-france-italie","status":"publish","type":"page","link":"https:\/\/www.arena-events.fr\/fr\/accueil\/sports\/rugby\/tournoi-des-6-nations-france-italie\/","title":{"rendered":"Tournoi des 6 nations France \/ Italie"},"content":{"rendered":"\t\t<div data-elementor-type=\"wp-page\" data-elementor-id=\"815\" class=\"elementor elementor-815\" data-elementor-post-type=\"page\">\n\t\t\t\t\t\t<section class=\"elementor-section elementor-top-section elementor-element elementor-element-1dcdfb91 elementor-section-boxed elementor-section-height-default elementor-section-height-default\" data-id=\"1dcdfb91\" data-element_type=\"section\" data-e-type=\"section\" data-settings=\"{&quot;background_background&quot;:&quot;classic&quot;}\">\n\t\t\t\t\t\t<div class=\"elementor-container elementor-column-gap-no\">\n\t\t\t\t\t<div class=\"elementor-column elementor-col-100 elementor-top-column elementor-element elementor-element-7cf8a5f4\" data-id=\"7cf8a5f4\" data-element_type=\"column\" data-e-type=\"column\">\n\t\t\t<div class=\"elementor-widget-wrap elementor-element-populated\">\n\t\t\t\t\t\t<section class=\"elementor-section elementor-inner-section elementor-element elementor-element-8771c6b elementor-section-full_width elementor-section-height-default elementor-section-height-default\" data-id=\"8771c6b\" data-element_type=\"section\" data-e-type=\"section\">\n\t\t\t\t\t\t<div class=\"elementor-container elementor-column-gap-wider\">\n\t\t\t\t\t<div class=\"elementor-column elementor-col-33 elementor-inner-column elementor-element elementor-element-2b9c100c\" data-id=\"2b9c100c\" data-element_type=\"column\" data-e-type=\"column\">\n\t\t\t<div class=\"elementor-widget-wrap\">\n\t\t\t\t\t\t\t<\/div>\n\t\t<\/div>\n\t\t\t\t<div class=\"elementor-column elementor-col-33 elementor-inner-column elementor-element elementor-element-1b1b484e\" data-id=\"1b1b484e\" data-element_type=\"column\" data-e-type=\"column\">\n\t\t\t<div class=\"elementor-widget-wrap elementor-element-populated\">\n\t\t\t\t\t\t<div class=\"elementor-element elementor-element-441b3de elementor-widget__width-auto de_scroll_animation_no elementor-widget elementor-widget-heading\" data-id=\"441b3de\" data-element_type=\"widget\" data-e-type=\"widget\" data-widget_type=\"heading.default\">\n\t\t\t\t<div class=\"elementor-widget-container\">\n\t\t\t\t\t<div class=\"elementor-heading-title elementor-size-default\">Tournoi des 6 nations<\/div>\t\t\t\t<\/div>\n\t\t\t\t<\/div>\n\t\t\t\t<div class=\"elementor-element elementor-element-5e28a976 elementor-headline--style-rotate elementor-widget__width-auto de_scroll_animation_no elementor-widget elementor-widget-animated-headline\" data-id=\"5e28a976\" data-element_type=\"widget\" data-e-type=\"widget\" data-settings=\"{&quot;headline_style&quot;:&quot;rotate&quot;,&quot;animation_type&quot;:&quot;blinds&quot;,&quot;rotating_text&quot;:&quot;\\u2014\\n\\u2014&quot;,&quot;loop&quot;:&quot;yes&quot;,&quot;rotate_iteration_delay&quot;:2500}\" data-widget_type=\"animated-headline.default\">\n\t\t\t\t<div class=\"elementor-widget-container\">\n\t\t\t\t\t\t\t<div class=\"elementor-headline elementor-headline-animation-type-blinds elementor-headline-letters\">\n\t\t\t\t<span class=\"elementor-headline-dynamic-wrapper elementor-headline-text-wrapper\">\n\t\t\t\t\t<span class=\"elementor-headline-dynamic-text elementor-headline-text-active\">\n\t\t\t\t\u2014\t\t\t<\/span>\n\t\t\t\t\t<span class=\"elementor-headline-dynamic-text\">\n\t\t\t\t\u2014\t\t\t<\/span>\n\t\t\t\t\t\t<\/span>\n\t\t\t\t<\/div>\n\t\t\t\t\t\t<\/div>\n\t\t\t\t<\/div>\n\t\t\t\t<div class=\"elementor-element elementor-element-64eaec55 de_scroll_animation_no elementor-invisible elementor-widget elementor-widget-heading\" data-id=\"64eaec55\" data-element_type=\"widget\" data-e-type=\"widget\" data-settings=\"{&quot;_animation&quot;:&quot;fadeInDown&quot;}\" data-widget_type=\"heading.default\">\n\t\t\t\t<div class=\"elementor-widget-container\">\n\t\t\t\t\t<h2 class=\"elementor-heading-title elementor-size-default\">France - Italie<\/h2>\t\t\t\t<\/div>\n\t\t\t\t<\/div>\n\t\t\t\t\t<\/div>\n\t\t<\/div>\n\t\t\t\t<div class=\"elementor-column elementor-col-33 elementor-inner-column elementor-element elementor-element-363ff88a\" data-id=\"363ff88a\" data-element_type=\"column\" data-e-type=\"column\">\n\t\t\t<div class=\"elementor-widget-wrap\">\n\t\t\t\t\t\t\t<\/div>\n\t\t<\/div>\n\t\t\t\t\t<\/div>\n\t\t<\/section>\n\t\t\t\t<section class=\"elementor-section elementor-inner-section elementor-element elementor-element-c4d21b6 elementor-section-boxed elementor-section-height-default elementor-section-height-default\" data-id=\"c4d21b6\" data-element_type=\"section\" data-e-type=\"section\">\n\t\t\t\t\t\t<div class=\"elementor-container elementor-column-gap-wider\">\n\t\t\t\t\t<div class=\"elementor-column elementor-col-100 elementor-inner-column elementor-element elementor-element-bc51189\" data-id=\"bc51189\" data-element_type=\"column\" data-e-type=\"column\">\n\t\t\t<div class=\"elementor-widget-wrap elementor-element-populated\">\n\t\t\t\t\t\t<div class=\"elementor-element elementor-element-607c2b de_scroll_animation_no elementor-widget elementor-widget-image\" data-id=\"607c2b\" data-element_type=\"widget\" data-e-type=\"widget\" data-settings=\"{&quot;motion_fx_motion_fx_scrolling&quot;:&quot;yes&quot;,&quot;motion_fx_scale_effect&quot;:&quot;yes&quot;,&quot;motion_fx_scale_direction&quot;:&quot;in-out-in&quot;,&quot;motion_fx_scale_speed&quot;:{&quot;unit&quot;:&quot;px&quot;,&quot;size&quot;:&quot;1&quot;,&quot;sizes&quot;:[]},&quot;motion_fx_scale_range&quot;:{&quot;unit&quot;:&quot;%&quot;,&quot;size&quot;:&quot;&quot;,&quot;sizes&quot;:{&quot;start&quot;:&quot;32&quot;,&quot;end&quot;:&quot;100&quot;}},&quot;motion_fx_devices&quot;:[&quot;desktop&quot;,&quot;tablet&quot;,&quot;mobile&quot;]}\" data-widget_type=\"image.default\">\n\t\t\t\t<div class=\"elementor-widget-container\">\n\t\t\t\t\t\t\t\t\t\t\t\t\t\t\t<img fetchpriority=\"high\" decoding=\"async\" width=\"800\" height=\"533\" src=\"https:\/\/www.arena-events.fr\/wp-content\/uploads\/2021\/03\/Sans-titre-1-1024x682.jpg\" class=\"attachment-large size-large wp-image-578\" alt=\"\" srcset=\"https:\/\/www.arena-events.fr\/wp-content\/uploads\/2021\/03\/Sans-titre-1-1024x682.jpg 1024w, https:\/\/www.arena-events.fr\/wp-content\/uploads\/2021\/03\/Sans-titre-1-300x200.jpg 300w, https:\/\/www.arena-events.fr\/wp-content\/uploads\/2021\/03\/Sans-titre-1-768x512.jpg 768w, https:\/\/www.arena-events.fr\/wp-content\/uploads\/2021\/03\/Sans-titre-1-16x12.jpg 16w, https:\/\/www.arena-events.fr\/wp-content\/uploads\/2021\/03\/Sans-titre-1.jpg 1384w\" sizes=\"(max-width: 800px) 100vw, 800px\" \/>\t\t\t\t\t\t\t\t\t\t\t\t\t\t\t<\/div>\n\t\t\t\t<\/div>\n\t\t\t\t<div class=\"elementor-element elementor-element-211b444d de_scroll_animation_no elementor-widget elementor-widget-image\" data-id=\"211b444d\" data-element_type=\"widget\" data-e-type=\"widget\" data-settings=\"{&quot;motion_fx_motion_fx_scrolling&quot;:&quot;yes&quot;,&quot;motion_fx_scale_effect&quot;:&quot;yes&quot;,&quot;motion_fx_scale_direction&quot;:&quot;out-in-out&quot;,&quot;motion_fx_scale_speed&quot;:{&quot;unit&quot;:&quot;px&quot;,&quot;size&quot;:&quot;1&quot;,&quot;sizes&quot;:[]},&quot;motion_fx_scale_range&quot;:{&quot;unit&quot;:&quot;%&quot;,&quot;size&quot;:&quot;&quot;,&quot;sizes&quot;:{&quot;start&quot;:&quot;51&quot;,&quot;end&quot;:&quot;99&quot;}},&quot;motion_fx_devices&quot;:[&quot;desktop&quot;,&quot;tablet&quot;,&quot;mobile&quot;]}\" data-widget_type=\"image.default\">\n\t\t\t\t<div class=\"elementor-widget-container\">\n\t\t\t\t\t\t\t\t\t\t\t\t\t\t\t<img decoding=\"async\" width=\"1384\" height=\"962\" src=\"https:\/\/www.arena-events.fr\/wp-content\/uploads\/2021\/03\/Sans-2titre.jpg\" class=\"attachment-full size-full wp-image-577\" alt=\"\" srcset=\"https:\/\/www.arena-events.fr\/wp-content\/uploads\/2021\/03\/Sans-2titre.jpg 1384w, https:\/\/www.arena-events.fr\/wp-content\/uploads\/2021\/03\/Sans-2titre-300x209.jpg 300w, https:\/\/www.arena-events.fr\/wp-content\/uploads\/2021\/03\/Sans-2titre-1024x712.jpg 1024w, https:\/\/www.arena-events.fr\/wp-content\/uploads\/2021\/03\/Sans-2titre-768x534.jpg 768w, https:\/\/www.arena-events.fr\/wp-content\/uploads\/2021\/03\/Sans-2titre-16x12.jpg 16w\" sizes=\"(max-width: 1384px) 100vw, 1384px\" \/>\t\t\t\t\t\t\t\t\t\t\t\t\t\t\t<\/div>\n\t\t\t\t<\/div>\n\t\t\t\t\t<\/div>\n\t\t<\/div>\n\t\t\t\t\t<\/div>\n\t\t<\/section>\n\t\t\t\t<section class=\"elementor-section elementor-inner-section elementor-element elementor-element-18e4c98b elementor-section-boxed elementor-section-height-default elementor-section-height-default\" data-id=\"18e4c98b\" data-element_type=\"section\" data-e-type=\"section\">\n\t\t\t\t\t\t<div class=\"elementor-container elementor-column-gap-wider\">\n\t\t\t\t\t<div class=\"elementor-column elementor-col-33 elementor-inner-column elementor-element elementor-element-3ca941a8\" data-id=\"3ca941a8\" data-element_type=\"column\" data-e-type=\"column\">\n\t\t\t<div class=\"elementor-widget-wrap elementor-element-populated\">\n\t\t\t\t\t\t<div class=\"elementor-element elementor-element-5197062e de_scroll_animation_no elementor-invisible elementor-widget elementor-widget-heading\" data-id=\"5197062e\" data-element_type=\"widget\" data-e-type=\"widget\" data-settings=\"{&quot;_animation&quot;:&quot;fadeInDown&quot;}\" data-widget_type=\"heading.default\">\n\t\t\t\t<div class=\"elementor-widget-container\">\n\t\t\t\t\t<h3 class=\"elementor-heading-title elementor-size-default\">Un tournoi d\u00e9cisif dans des conditions prestigieuses<\/h3>\t\t\t\t<\/div>\n\t\t\t\t<\/div>\n\t\t\t\t<div class=\"elementor-element elementor-element-1d066b52 de_scroll_animation_no elementor-widget elementor-widget-text-editor\" data-id=\"1d066b52\" data-element_type=\"widget\" data-e-type=\"widget\" data-widget_type=\"text-editor.default\">\n\t\t\t\t<div class=\"elementor-widget-container\">\n\t\t\t\t\t\t\t\t\t<p>Le Tournoi des Six Nations est une comp\u00e9tition de rugby \u00e0 XV, disput\u00e9e chaque ann\u00e9e en f\u00e9vrier et mars par les \u00e9quipes d&rsquo;Angleterre, d&rsquo;\u00c9cosse, de France, du pays de Galles, d&rsquo;Irlande et d&rsquo;Italie.\u00a0<\/p><p>ARENA EVENTS a emmen\u00e9 55 supporteurs de l\u2019\u00e9quipe de France vivre ce tournoi d\u00e9cisif, dans des conditions prestigieuses et confortables.\u00a0<\/p>\t\t\t\t\t\t\t\t<\/div>\n\t\t\t\t<\/div>\n\t\t\t\t\t<\/div>\n\t\t<\/div>\n\t\t\t\t<div class=\"elementor-column elementor-col-33 elementor-inner-column elementor-element elementor-element-2b2ebc5b\" data-id=\"2b2ebc5b\" data-element_type=\"column\" data-e-type=\"column\">\n\t\t\t<div class=\"elementor-widget-wrap\">\n\t\t\t\t\t\t\t<\/div>\n\t\t<\/div>\n\t\t\t\t<div class=\"elementor-column elementor-col-33 elementor-inner-column elementor-element elementor-element-d625a8\" data-id=\"d625a8\" data-element_type=\"column\" data-e-type=\"column\">\n\t\t\t<div class=\"elementor-widget-wrap elementor-element-populated\">\n\t\t\t\t\t\t<div class=\"elementor-element elementor-element-1868f529 elementor-widget__width-initial elementor-widget-mobile__width-initial de_scroll_animation_no elementor-widget elementor-widget-heading\" data-id=\"1868f529\" data-element_type=\"widget\" data-e-type=\"widget\" data-widget_type=\"heading.default\">\n\t\t\t\t<div class=\"elementor-widget-container\">\n\t\t\t\t\t<span class=\"elementor-heading-title elementor-size-default\">Lieu<\/span>\t\t\t\t<\/div>\n\t\t\t\t<\/div>\n\t\t\t\t<div class=\"elementor-element elementor-element-1f5d035b elementor-widget__width-initial elementor-widget-tablet__width-initial elementor-widget-mobile__width-initial de_scroll_animation_no elementor-widget elementor-widget-heading\" data-id=\"1f5d035b\" data-element_type=\"widget\" data-e-type=\"widget\" data-widget_type=\"heading.default\">\n\t\t\t\t<div class=\"elementor-widget-container\">\n\t\t\t\t\t<span class=\"elementor-heading-title elementor-size-default\">France<\/span>\t\t\t\t<\/div>\n\t\t\t\t<\/div>\n\t\t\t\t<div class=\"elementor-element elementor-element-6055e505 elementor-widget-divider--view-line de_scroll_animation_no elementor-widget elementor-widget-divider\" data-id=\"6055e505\" data-element_type=\"widget\" data-e-type=\"widget\" data-widget_type=\"divider.default\">\n\t\t\t\t<div class=\"elementor-widget-container\">\n\t\t\t\t\t\t\t<div class=\"elementor-divider\">\n\t\t\t<span class=\"elementor-divider-separator\">\n\t\t\t\t\t\t<\/span>\n\t\t<\/div>\n\t\t\t\t\t\t<\/div>\n\t\t\t\t<\/div>\n\t\t\t\t<div class=\"elementor-element elementor-element-657c6050 elementor-widget__width-initial elementor-widget-mobile__width-initial de_scroll_animation_no elementor-widget elementor-widget-heading\" data-id=\"657c6050\" data-element_type=\"widget\" data-e-type=\"widget\" data-widget_type=\"heading.default\">\n\t\t\t\t<div class=\"elementor-widget-container\">\n\t\t\t\t\t<span class=\"elementor-heading-title elementor-size-default\">Nombre<\/span>\t\t\t\t<\/div>\n\t\t\t\t<\/div>\n\t\t\t\t<div class=\"elementor-element elementor-element-36858178 elementor-widget__width-initial elementor-widget-tablet__width-initial elementor-widget-mobile__width-initial de_scroll_animation_no elementor-widget elementor-widget-heading\" data-id=\"36858178\" data-element_type=\"widget\" data-e-type=\"widget\" data-widget_type=\"heading.default\">\n\t\t\t\t<div class=\"elementor-widget-container\">\n\t\t\t\t\t<span class=\"elementor-heading-title elementor-size-default\">55 personnes<\/span>\t\t\t\t<\/div>\n\t\t\t\t<\/div>\n\t\t\t\t<div class=\"elementor-element elementor-element-44919182 elementor-widget-divider--view-line de_scroll_animation_no elementor-widget elementor-widget-divider\" data-id=\"44919182\" data-element_type=\"widget\" data-e-type=\"widget\" data-widget_type=\"divider.default\">\n\t\t\t\t<div class=\"elementor-widget-container\">\n\t\t\t\t\t\t\t<div class=\"elementor-divider\">\n\t\t\t<span class=\"elementor-divider-separator\">\n\t\t\t\t\t\t<\/span>\n\t\t<\/div>\n\t\t\t\t\t\t<\/div>\n\t\t\t\t<\/div>\n\t\t\t\t\t<\/div>\n\t\t<\/div>\n\t\t\t\t\t<\/div>\n\t\t<\/section>\n\t\t\t\t\t<\/div>\n\t\t<\/div>\n\t\t\t\t\t<\/div>\n\t\t<\/section>\n\t\t\t\t<section class=\"elementor-section elementor-top-section elementor-element elementor-element-4dc6f9a2 elementor-section-content-middle elementor-section-boxed elementor-section-height-default elementor-section-height-default\" data-id=\"4dc6f9a2\" data-element_type=\"section\" data-e-type=\"section\">\n\t\t\t\t\t\t<div class=\"elementor-container elementor-column-gap-wider\">\n\t\t\t\t\t<div class=\"elementor-column elementor-col-100 elementor-top-column elementor-element elementor-element-52d1d5f9\" data-id=\"52d1d5f9\" data-element_type=\"column\" data-e-type=\"column\">\n\t\t\t<div class=\"elementor-widget-wrap elementor-element-populated\">\n\t\t\t\t\t\t<div class=\"elementor-element elementor-element-45622ac4 de_scroll_animation_no elementor-widget elementor-widget-gallery\" data-id=\"45622ac4\" data-element_type=\"widget\" data-e-type=\"widget\" data-settings=\"{&quot;gallery_layout&quot;:&quot;masonry&quot;,&quot;columns&quot;:3,&quot;gap&quot;:{&quot;unit&quot;:&quot;px&quot;,&quot;size&quot;:30,&quot;sizes&quot;:[]},&quot;lazyload&quot;:&quot;yes&quot;,&quot;columns_tablet&quot;:2,&quot;columns_mobile&quot;:1,&quot;gap_tablet&quot;:{&quot;unit&quot;:&quot;px&quot;,&quot;size&quot;:10,&quot;sizes&quot;:[]},&quot;gap_mobile&quot;:{&quot;unit&quot;:&quot;px&quot;,&quot;size&quot;:10,&quot;sizes&quot;:[]},&quot;link_to&quot;:&quot;file&quot;,&quot;overlay_background&quot;:&quot;yes&quot;,&quot;content_hover_animation&quot;:&quot;fade-in&quot;}\" data-widget_type=\"gallery.default\">\n\t\t\t\t<div class=\"elementor-widget-container\">\n\t\t\t\t\t\t\t<div class=\"elementor-gallery__container\">\n\t\t\t\t\t\t\t<a class=\"e-gallery-item elementor-gallery-item elementor-animated-content\" href=\"https:\/\/www.arena-events.fr\/wp-content\/uploads\/2021\/03\/Sans-titre-1.jpg\" data-elementor-open-lightbox=\"yes\" data-elementor-lightbox-slideshow=\"45622ac4\" data-elementor-lightbox-title=\"Sans titre\" data-e-action-hash=\"#elementor-action%3Aaction%3Dlightbox%26settings%3DeyJpZCI6NTc4LCJ1cmwiOiJodHRwczpcL1wvd3d3LmFyZW5hLWV2ZW50cy5mclwvd3AtY29udGVudFwvdXBsb2Fkc1wvMjAyMVwvMDNcL1NhbnMtdGl0cmUtMS5qcGciLCJzbGlkZXNob3ciOiI0NTYyMmFjNCJ9\">\n\t\t\t\t\t<div class=\"e-gallery-image elementor-gallery-item__image\" data-thumbnail=\"https:\/\/www.arena-events.fr\/wp-content\/uploads\/2021\/03\/Sans-titre-1.jpg\" data-width=\"1384\" data-height=\"922\" aria-label=\"\" role=\"img\" ><\/div>\n\t\t\t\t\t\t\t\t\t\t\t<div class=\"elementor-gallery-item__overlay\"><\/div>\n\t\t\t\t\t\t\t\t\t\t\t\t\t\t<\/a>\n\t\t\t\t\t\t\t<a class=\"e-gallery-item elementor-gallery-item elementor-animated-content\" href=\"https:\/\/www.arena-events.fr\/wp-content\/uploads\/2021\/03\/Sans-2titre.jpg\" data-elementor-open-lightbox=\"yes\" data-elementor-lightbox-slideshow=\"45622ac4\" data-elementor-lightbox-title=\"Sans 2titre\" data-e-action-hash=\"#elementor-action%3Aaction%3Dlightbox%26settings%3DeyJpZCI6NTc3LCJ1cmwiOiJodHRwczpcL1wvd3d3LmFyZW5hLWV2ZW50cy5mclwvd3AtY29udGVudFwvdXBsb2Fkc1wvMjAyMVwvMDNcL1NhbnMtMnRpdHJlLmpwZyIsInNsaWRlc2hvdyI6IjQ1NjIyYWM0In0%3D\">\n\t\t\t\t\t<div class=\"e-gallery-image elementor-gallery-item__image\" data-thumbnail=\"https:\/\/www.arena-events.fr\/wp-content\/uploads\/2021\/03\/Sans-2titre.jpg\" data-width=\"1384\" data-height=\"962\" aria-label=\"\" role=\"img\" ><\/div>\n\t\t\t\t\t\t\t\t\t\t\t<div class=\"elementor-gallery-item__overlay\"><\/div>\n\t\t\t\t\t\t\t\t\t\t\t\t\t\t<\/a>\n\t\t\t\t\t<\/div>\n\t\t\t\t\t<\/div>\n\t\t\t\t<\/div>\n\t\t\t\t\t<\/div>\n\t\t<\/div>\n\t\t\t\t\t<\/div>\n\t\t<\/section>\n\t\t\t\t<section class=\"elementor-section elementor-top-section elementor-element elementor-element-2118775f elementor-section-boxed elementor-section-height-default elementor-section-height-default\" data-id=\"2118775f\" data-element_type=\"section\" data-e-type=\"section\">\n\t\t\t\t\t\t<div class=\"elementor-container elementor-column-gap-default\">\n\t\t\t\t\t<div class=\"elementor-column elementor-col-100 elementor-top-column elementor-element elementor-element-548f7d7d\" data-id=\"548f7d7d\" data-element_type=\"column\" data-e-type=\"column\">\n\t\t\t<div class=\"elementor-widget-wrap elementor-element-populated\">\n\t\t\t\t\t\t<div class=\"elementor-element elementor-element-780cf8b6 elementor-align-center de_scroll_animation_no elementor-widget elementor-widget-button\" data-id=\"780cf8b6\" data-element_type=\"widget\" data-e-type=\"widget\" data-widget_type=\"button.default\">\n\t\t\t\t<div class=\"elementor-widget-container\">\n\t\t\t\t\t\t\t\t\t<div class=\"elementor-button-wrapper\">\n\t\t\t\t\t<a class=\"elementor-button elementor-button-link elementor-size-lg\" href=\"https:\/\/www.arena-events.fr\/accueil\/sports\/\">\n\t\t\t\t\t\t<span class=\"elementor-button-content-wrapper\">\n\t\t\t\t\t\t<span class=\"elementor-button-icon\">\n\t\t\t\t<i aria-hidden=\"true\" class=\"dticon dticon-arrow-back-outline\"><\/i>\t\t\t<\/span>\n\t\t\t\t\t\t\t\t\t<span class=\"elementor-button-text\">REVENIR AUX \u00c9V\u00c9NEMENTS<\/span>\n\t\t\t\t\t<\/span>\n\t\t\t\t\t<\/a>\n\t\t\t\t<\/div>\n\t\t\t\t\t\t\t\t<\/div>\n\t\t\t\t<\/div>\n\t\t\t\t\t<\/div>\n\t\t<\/div>\n\t\t\t\t\t<\/div>\n\t\t<\/section>\n\t\t\t\t<\/div>\n\t\t","protected":false},"excerpt":{"rendered":"<p>Tournoi des 6 nations \u2014 \u2014 France &#8211; Italie Un tournoi d\u00e9cisif dans des conditions prestigieuses Le Tournoi des Six Nations est une comp\u00e9tition de rugby \u00e0 XV, disput\u00e9e chaque ann\u00e9e en f\u00e9vrier et mars par les \u00e9quipes d&rsquo;Angleterre, d&rsquo;\u00c9cosse, de France, du pays de Galles, d&rsquo;Irlande et d&rsquo;Italie.\u00a0 ARENA EVENTS a emmen\u00e9 55 supporteurs [&hellip;]<\/p>\n","protected":false},"author":1,"featured_media":0,"parent":404,"menu_order":1,"comment_status":"closed","ping_status":"closed","template":"","meta":{"footnotes":""},"class_list":["post-815","page","type-page","status-publish","hentry"],"_links":{"self":[{"href":"https:\/\/www.arena-events.fr\/fr\/wp-json\/wp\/v2\/pages\/815","targetHints":{"allow":["GET"]}}],"collection":[{"href":"https:\/\/www.arena-events.fr\/fr\/wp-json\/wp\/v2\/pages"}],"about":[{"href":"https:\/\/www.arena-events.fr\/fr\/wp-json\/wp\/v2\/types\/page"}],"author":[{"embeddable":true,"href":"https:\/\/www.arena-events.fr\/fr\/wp-json\/wp\/v2\/users\/1"}],"replies":[{"embeddable":true,"href":"https:\/\/www.arena-events.fr\/fr\/wp-json\/wp\/v2\/comments?post=815"}],"version-history":[{"count":7,"href":"https:\/\/www.arena-events.fr\/fr\/wp-json\/wp\/v2\/pages\/815\/revisions"}],"predecessor-version":[{"id":1183,"href":"https:\/\/www.arena-events.fr\/fr\/wp-json\/wp\/v2\/pages\/815\/revisions\/1183"}],"up":[{"embeddable":true,"href":"https:\/\/www.arena-events.fr\/fr\/wp-json\/wp\/v2\/pages\/404"}],"wp:attachment":[{"href":"https:\/\/www.arena-events.fr\/fr\/wp-json\/wp\/v2\/media?parent=815"}],"curies":[{"name":"wp","href":"https:\/\/api.w.org\/{rel}","templated":true}]}}