{"id":626,"date":"2021-03-29T14:58:31","date_gmt":"2021-03-29T12:58:31","guid":{"rendered":"https:\/\/www.arena-events.fr\/?page_id=626"},"modified":"2021-04-20T11:43:19","modified_gmt":"2021-04-20T09:43:19","slug":"seminaire-venise","status":"publish","type":"page","link":"https:\/\/www.arena-events.fr\/fr\/accueil\/evenements-dentreprises\/seminaires-conventions\/seminaire-venise\/","title":{"rendered":"S\u00e9minaire Venise"},"content":{"rendered":"\t\t<div data-elementor-type=\"wp-page\" data-elementor-id=\"626\" class=\"elementor elementor-626\" data-elementor-post-type=\"page\">\n\t\t\t\t\t\t<section class=\"elementor-section elementor-top-section elementor-element elementor-element-38eb9357 elementor-section-boxed elementor-section-height-default elementor-section-height-default\" data-id=\"38eb9357\" data-element_type=\"section\" data-e-type=\"section\" data-settings=\"{&quot;background_background&quot;:&quot;classic&quot;}\">\n\t\t\t\t\t\t<div class=\"elementor-container elementor-column-gap-no\">\n\t\t\t\t\t<div class=\"elementor-column elementor-col-100 elementor-top-column elementor-element elementor-element-788cdb53\" data-id=\"788cdb53\" data-element_type=\"column\" data-e-type=\"column\">\n\t\t\t<div class=\"elementor-widget-wrap elementor-element-populated\">\n\t\t\t\t\t\t<section class=\"elementor-section elementor-inner-section elementor-element elementor-element-69de2f3b elementor-section-full_width elementor-section-height-default elementor-section-height-default\" data-id=\"69de2f3b\" data-element_type=\"section\" data-e-type=\"section\">\n\t\t\t\t\t\t<div class=\"elementor-container elementor-column-gap-wider\">\n\t\t\t\t\t<div class=\"elementor-column elementor-col-33 elementor-inner-column elementor-element elementor-element-202815bd\" data-id=\"202815bd\" data-element_type=\"column\" data-e-type=\"column\">\n\t\t\t<div class=\"elementor-widget-wrap\">\n\t\t\t\t\t\t\t<\/div>\n\t\t<\/div>\n\t\t\t\t<div class=\"elementor-column elementor-col-33 elementor-inner-column elementor-element elementor-element-596726\" data-id=\"596726\" data-element_type=\"column\" data-e-type=\"column\">\n\t\t\t<div class=\"elementor-widget-wrap elementor-element-populated\">\n\t\t\t\t\t\t<div class=\"elementor-element elementor-element-44a3163e elementor-widget__width-auto de_scroll_animation_no elementor-widget elementor-widget-heading\" data-id=\"44a3163e\" data-element_type=\"widget\" data-e-type=\"widget\" data-widget_type=\"heading.default\">\n\t\t\t\t<div class=\"elementor-widget-container\">\n\t\t\t\t\t<div class=\"elementor-heading-title elementor-size-default\">S\u00e9minaire<\/div>\t\t\t\t<\/div>\n\t\t\t\t<\/div>\n\t\t\t\t<div class=\"elementor-element elementor-element-7a600071 elementor-headline--style-rotate elementor-widget__width-auto de_scroll_animation_no elementor-widget elementor-widget-animated-headline\" data-id=\"7a600071\" data-element_type=\"widget\" data-e-type=\"widget\" data-settings=\"{&quot;headline_style&quot;:&quot;rotate&quot;,&quot;animation_type&quot;:&quot;blinds&quot;,&quot;rotating_text&quot;:&quot;\\u2014\\n\\u2014&quot;,&quot;loop&quot;:&quot;yes&quot;,&quot;rotate_iteration_delay&quot;:2500}\" data-widget_type=\"animated-headline.default\">\n\t\t\t\t<div class=\"elementor-widget-container\">\n\t\t\t\t\t\t\t<div class=\"elementor-headline elementor-headline-animation-type-blinds elementor-headline-letters\">\n\t\t\t\t<span class=\"elementor-headline-dynamic-wrapper elementor-headline-text-wrapper\">\n\t\t\t\t\t<span class=\"elementor-headline-dynamic-text elementor-headline-text-active\">\n\t\t\t\t\u2014\t\t\t<\/span>\n\t\t\t\t\t<span class=\"elementor-headline-dynamic-text\">\n\t\t\t\t\u2014\t\t\t<\/span>\n\t\t\t\t\t\t<\/span>\n\t\t\t\t<\/div>\n\t\t\t\t\t\t<\/div>\n\t\t\t\t<\/div>\n\t\t\t\t<div class=\"elementor-element elementor-element-5cd8de32 de_scroll_animation_no elementor-invisible elementor-widget elementor-widget-heading\" data-id=\"5cd8de32\" data-element_type=\"widget\" data-e-type=\"widget\" data-settings=\"{&quot;_animation&quot;:&quot;fadeInDown&quot;}\" data-widget_type=\"heading.default\">\n\t\t\t\t<div class=\"elementor-widget-container\">\n\t\t\t\t\t<h2 class=\"elementor-heading-title elementor-size-default\">Venise<\/h2>\t\t\t\t<\/div>\n\t\t\t\t<\/div>\n\t\t\t\t\t<\/div>\n\t\t<\/div>\n\t\t\t\t<div class=\"elementor-column elementor-col-33 elementor-inner-column elementor-element elementor-element-7d982aa6\" data-id=\"7d982aa6\" data-element_type=\"column\" data-e-type=\"column\">\n\t\t\t<div class=\"elementor-widget-wrap\">\n\t\t\t\t\t\t\t<\/div>\n\t\t<\/div>\n\t\t\t\t\t<\/div>\n\t\t<\/section>\n\t\t\t\t<section class=\"elementor-section elementor-inner-section elementor-element elementor-element-4dc4e109 elementor-section-boxed elementor-section-height-default elementor-section-height-default\" data-id=\"4dc4e109\" data-element_type=\"section\" data-e-type=\"section\">\n\t\t\t\t\t\t<div class=\"elementor-container elementor-column-gap-wider\">\n\t\t\t\t\t<div class=\"elementor-column elementor-col-100 elementor-inner-column elementor-element elementor-element-3a0fb5e3\" data-id=\"3a0fb5e3\" data-element_type=\"column\" data-e-type=\"column\">\n\t\t\t<div class=\"elementor-widget-wrap elementor-element-populated\">\n\t\t\t\t\t\t<div class=\"elementor-element elementor-element-140943f5 de_scroll_animation_no elementor-widget elementor-widget-image\" data-id=\"140943f5\" data-element_type=\"widget\" data-e-type=\"widget\" data-settings=\"{&quot;motion_fx_motion_fx_scrolling&quot;:&quot;yes&quot;,&quot;motion_fx_scale_effect&quot;:&quot;yes&quot;,&quot;motion_fx_scale_direction&quot;:&quot;in-out-in&quot;,&quot;motion_fx_scale_speed&quot;:{&quot;unit&quot;:&quot;px&quot;,&quot;size&quot;:&quot;1&quot;,&quot;sizes&quot;:[]},&quot;motion_fx_scale_range&quot;:{&quot;unit&quot;:&quot;%&quot;,&quot;size&quot;:&quot;&quot;,&quot;sizes&quot;:{&quot;start&quot;:&quot;32&quot;,&quot;end&quot;:&quot;100&quot;}},&quot;motion_fx_devices&quot;:[&quot;desktop&quot;,&quot;tablet&quot;,&quot;mobile&quot;]}\" data-widget_type=\"image.default\">\n\t\t\t\t<div class=\"elementor-widget-container\">\n\t\t\t\t\t\t\t\t\t\t\t\t\t\t\t<img fetchpriority=\"high\" decoding=\"async\" width=\"800\" height=\"450\" src=\"https:\/\/www.arena-events.fr\/wp-content\/uploads\/2021\/03\/kevin-charit-qSgayGZLm2w-unsplash-1024x576.jpg\" class=\"attachment-large size-large wp-image-137\" alt=\"\" srcset=\"https:\/\/www.arena-events.fr\/wp-content\/uploads\/2021\/03\/kevin-charit-qSgayGZLm2w-unsplash-1024x576.jpg 1024w, https:\/\/www.arena-events.fr\/wp-content\/uploads\/2021\/03\/kevin-charit-qSgayGZLm2w-unsplash-300x169.jpg 300w, https:\/\/www.arena-events.fr\/wp-content\/uploads\/2021\/03\/kevin-charit-qSgayGZLm2w-unsplash-768x432.jpg 768w, https:\/\/www.arena-events.fr\/wp-content\/uploads\/2021\/03\/kevin-charit-qSgayGZLm2w-unsplash-1536x864.jpg 1536w, https:\/\/www.arena-events.fr\/wp-content\/uploads\/2021\/03\/kevin-charit-qSgayGZLm2w-unsplash-scaled.jpg 2048w, https:\/\/www.arena-events.fr\/wp-content\/uploads\/2021\/03\/kevin-charit-qSgayGZLm2w-unsplash-16x9.jpg 16w, https:\/\/www.arena-events.fr\/wp-content\/uploads\/2021\/03\/kevin-charit-qSgayGZLm2w-unsplash-1200x675.jpg 1200w, https:\/\/www.arena-events.fr\/wp-content\/uploads\/2021\/03\/kevin-charit-qSgayGZLm2w-unsplash-1980x1114.jpg 1980w\" sizes=\"(max-width: 800px) 100vw, 800px\" \/>\t\t\t\t\t\t\t\t\t\t\t\t\t\t\t<\/div>\n\t\t\t\t<\/div>\n\t\t\t\t<div class=\"elementor-element elementor-element-6277a8ee de_scroll_animation_no elementor-widget elementor-widget-image\" data-id=\"6277a8ee\" data-element_type=\"widget\" data-e-type=\"widget\" data-settings=\"{&quot;motion_fx_motion_fx_scrolling&quot;:&quot;yes&quot;,&quot;motion_fx_scale_effect&quot;:&quot;yes&quot;,&quot;motion_fx_scale_direction&quot;:&quot;out-in-out&quot;,&quot;motion_fx_scale_speed&quot;:{&quot;unit&quot;:&quot;px&quot;,&quot;size&quot;:&quot;1&quot;,&quot;sizes&quot;:[]},&quot;motion_fx_scale_range&quot;:{&quot;unit&quot;:&quot;%&quot;,&quot;size&quot;:&quot;&quot;,&quot;sizes&quot;:{&quot;start&quot;:&quot;51&quot;,&quot;end&quot;:&quot;99&quot;}},&quot;motion_fx_devices&quot;:[&quot;desktop&quot;,&quot;tablet&quot;,&quot;mobile&quot;]}\" data-widget_type=\"image.default\">\n\t\t\t\t<div class=\"elementor-widget-container\">\n\t\t\t\t\t\t\t\t\t\t\t\t\t\t\t<img decoding=\"async\" width=\"1536\" height=\"2048\" src=\"https:\/\/www.arena-events.fr\/wp-content\/uploads\/2021\/03\/IMG_02771-scaled.jpg\" class=\"attachment-full size-full wp-image-136\" alt=\"\" srcset=\"https:\/\/www.arena-events.fr\/wp-content\/uploads\/2021\/03\/IMG_02771-scaled.jpg 1536w, https:\/\/www.arena-events.fr\/wp-content\/uploads\/2021\/03\/IMG_02771-225x300.jpg 225w, https:\/\/www.arena-events.fr\/wp-content\/uploads\/2021\/03\/IMG_02771-768x1024.jpg 768w, https:\/\/www.arena-events.fr\/wp-content\/uploads\/2021\/03\/IMG_02771-1152x1536.jpg 1152w, https:\/\/www.arena-events.fr\/wp-content\/uploads\/2021\/03\/IMG_02771-9x12.jpg 9w, https:\/\/www.arena-events.fr\/wp-content\/uploads\/2021\/03\/IMG_02771-1200x1600.jpg 1200w, https:\/\/www.arena-events.fr\/wp-content\/uploads\/2021\/03\/IMG_02771-1980x2640.jpg 1980w\" sizes=\"(max-width: 1536px) 100vw, 1536px\" \/>\t\t\t\t\t\t\t\t\t\t\t\t\t\t\t<\/div>\n\t\t\t\t<\/div>\n\t\t\t\t\t<\/div>\n\t\t<\/div>\n\t\t\t\t\t<\/div>\n\t\t<\/section>\n\t\t\t\t<section class=\"elementor-section elementor-inner-section elementor-element elementor-element-5c92b61d elementor-section-boxed elementor-section-height-default elementor-section-height-default\" data-id=\"5c92b61d\" data-element_type=\"section\" data-e-type=\"section\">\n\t\t\t\t\t\t<div class=\"elementor-container elementor-column-gap-wider\">\n\t\t\t\t\t<div class=\"elementor-column elementor-col-33 elementor-inner-column elementor-element elementor-element-3d34a90a\" data-id=\"3d34a90a\" data-element_type=\"column\" data-e-type=\"column\">\n\t\t\t<div class=\"elementor-widget-wrap elementor-element-populated\">\n\t\t\t\t\t\t<div class=\"elementor-element elementor-element-2fd53a9b de_scroll_animation_no elementor-invisible elementor-widget elementor-widget-heading\" data-id=\"2fd53a9b\" data-element_type=\"widget\" data-e-type=\"widget\" data-settings=\"{&quot;_animation&quot;:&quot;fadeInDown&quot;}\" data-widget_type=\"heading.default\">\n\t\t\t\t<div class=\"elementor-widget-container\">\n\t\t\t\t\t<h3 class=\"elementor-heading-title elementor-size-default\">La destination id\u00e9ale pour des \u00e9v\u00e8nements de prestige<\/h3>\t\t\t\t<\/div>\n\t\t\t\t<\/div>\n\t\t\t\t<div class=\"elementor-element elementor-element-5fad915b de_scroll_animation_no elementor-widget elementor-widget-text-editor\" data-id=\"5fad915b\" data-element_type=\"widget\" data-e-type=\"widget\" data-widget_type=\"text-editor.default\">\n\t\t\t\t<div class=\"elementor-widget-container\">\n\t\t\t\t\t\t\t\t\t<p>Venise est la destination id\u00e9ale pour des \u00e9v\u00e9nements de prestige: palais historiques, gastronomie reconnue et son architecture rendent cette ville si particuli\u00e8re\u2026\u00a0<\/p><p>Visite exclusive de la verrerie de Murano, initiation au Dragon Boat (courses en pirogues) et la privatisation d\u2019un site historique pour la soir\u00e9e de gala ont rythm\u00e9 un s\u00e9minaire r\u00e9unissant 80 personnes dans cette singuli\u00e8re ville italienne.<\/p>\t\t\t\t\t\t\t\t<\/div>\n\t\t\t\t<\/div>\n\t\t\t\t\t<\/div>\n\t\t<\/div>\n\t\t\t\t<div class=\"elementor-column elementor-col-33 elementor-inner-column elementor-element elementor-element-32a78303\" data-id=\"32a78303\" data-element_type=\"column\" data-e-type=\"column\">\n\t\t\t<div class=\"elementor-widget-wrap\">\n\t\t\t\t\t\t\t<\/div>\n\t\t<\/div>\n\t\t\t\t<div class=\"elementor-column elementor-col-33 elementor-inner-column elementor-element elementor-element-22d3a42f\" data-id=\"22d3a42f\" data-element_type=\"column\" data-e-type=\"column\">\n\t\t\t<div class=\"elementor-widget-wrap elementor-element-populated\">\n\t\t\t\t\t\t<div class=\"elementor-element elementor-element-6ed72353 elementor-widget__width-initial elementor-widget-mobile__width-initial de_scroll_animation_no elementor-widget elementor-widget-heading\" data-id=\"6ed72353\" data-element_type=\"widget\" data-e-type=\"widget\" data-widget_type=\"heading.default\">\n\t\t\t\t<div class=\"elementor-widget-container\">\n\t\t\t\t\t<span class=\"elementor-heading-title elementor-size-default\">Lieu<\/span>\t\t\t\t<\/div>\n\t\t\t\t<\/div>\n\t\t\t\t<div class=\"elementor-element elementor-element-879d3 elementor-widget__width-initial elementor-widget-tablet__width-initial elementor-widget-mobile__width-initial de_scroll_animation_no elementor-widget elementor-widget-heading\" data-id=\"879d3\" data-element_type=\"widget\" data-e-type=\"widget\" data-widget_type=\"heading.default\">\n\t\t\t\t<div class=\"elementor-widget-container\">\n\t\t\t\t\t<span class=\"elementor-heading-title elementor-size-default\">Venise, Italie<\/span>\t\t\t\t<\/div>\n\t\t\t\t<\/div>\n\t\t\t\t<div class=\"elementor-element elementor-element-487703db elementor-widget-divider--view-line de_scroll_animation_no elementor-widget elementor-widget-divider\" data-id=\"487703db\" data-element_type=\"widget\" data-e-type=\"widget\" data-widget_type=\"divider.default\">\n\t\t\t\t<div class=\"elementor-widget-container\">\n\t\t\t\t\t\t\t<div class=\"elementor-divider\">\n\t\t\t<span class=\"elementor-divider-separator\">\n\t\t\t\t\t\t<\/span>\n\t\t<\/div>\n\t\t\t\t\t\t<\/div>\n\t\t\t\t<\/div>\n\t\t\t\t<div class=\"elementor-element elementor-element-1e3780f4 elementor-widget__width-initial elementor-widget-mobile__width-initial de_scroll_animation_no elementor-widget elementor-widget-heading\" data-id=\"1e3780f4\" data-element_type=\"widget\" data-e-type=\"widget\" data-widget_type=\"heading.default\">\n\t\t\t\t<div class=\"elementor-widget-container\">\n\t\t\t\t\t<span class=\"elementor-heading-title elementor-size-default\">Nombre<\/span>\t\t\t\t<\/div>\n\t\t\t\t<\/div>\n\t\t\t\t<div class=\"elementor-element elementor-element-79a91e77 elementor-widget__width-initial elementor-widget-tablet__width-initial elementor-widget-mobile__width-initial de_scroll_animation_no elementor-widget elementor-widget-heading\" data-id=\"79a91e77\" data-element_type=\"widget\" data-e-type=\"widget\" data-widget_type=\"heading.default\">\n\t\t\t\t<div class=\"elementor-widget-container\">\n\t\t\t\t\t<span class=\"elementor-heading-title elementor-size-default\">80 personnes<\/span>\t\t\t\t<\/div>\n\t\t\t\t<\/div>\n\t\t\t\t<div class=\"elementor-element elementor-element-2039a249 elementor-widget-divider--view-line de_scroll_animation_no elementor-widget elementor-widget-divider\" data-id=\"2039a249\" data-element_type=\"widget\" data-e-type=\"widget\" data-widget_type=\"divider.default\">\n\t\t\t\t<div class=\"elementor-widget-container\">\n\t\t\t\t\t\t\t<div class=\"elementor-divider\">\n\t\t\t<span class=\"elementor-divider-separator\">\n\t\t\t\t\t\t<\/span>\n\t\t<\/div>\n\t\t\t\t\t\t<\/div>\n\t\t\t\t<\/div>\n\t\t\t\t<div class=\"elementor-element elementor-element-203c4d75 elementor-widget__width-initial de_scroll_animation_no elementor-widget elementor-widget-heading\" data-id=\"203c4d75\" data-element_type=\"widget\" data-e-type=\"widget\" data-widget_type=\"heading.default\">\n\t\t\t\t<div class=\"elementor-widget-container\">\n\t\t\t\t\t<span class=\"elementor-heading-title elementor-size-default\">Activit\u00e9s<\/span>\t\t\t\t<\/div>\n\t\t\t\t<\/div>\n\t\t\t\t<div class=\"elementor-element elementor-element-2db4acce elementor-widget__width-initial elementor-widget-tablet__width-initial elementor-widget-mobile__width-initial de_scroll_animation_no elementor-widget elementor-widget-heading\" data-id=\"2db4acce\" data-element_type=\"widget\" data-e-type=\"widget\" data-widget_type=\"heading.default\">\n\t\t\t\t<div class=\"elementor-widget-container\">\n\t\t\t\t\t<span class=\"elementor-heading-title elementor-size-default\">Visite de la verrerie de Murano<br>\nInitiation au Dragon Boat<br>\nSoir\u00e9e de gala<\/span>\t\t\t\t<\/div>\n\t\t\t\t<\/div>\n\t\t\t\t\t<\/div>\n\t\t<\/div>\n\t\t\t\t\t<\/div>\n\t\t<\/section>\n\t\t\t\t\t<\/div>\n\t\t<\/div>\n\t\t\t\t\t<\/div>\n\t\t<\/section>\n\t\t\t\t<section class=\"elementor-section elementor-top-section elementor-element elementor-element-10febdbd elementor-section-content-middle elementor-section-boxed elementor-section-height-default elementor-section-height-default\" data-id=\"10febdbd\" data-element_type=\"section\" data-e-type=\"section\">\n\t\t\t\t\t\t<div class=\"elementor-container elementor-column-gap-wider\">\n\t\t\t\t\t<div class=\"elementor-column elementor-col-100 elementor-top-column elementor-element elementor-element-49ad466f\" data-id=\"49ad466f\" data-element_type=\"column\" data-e-type=\"column\">\n\t\t\t<div class=\"elementor-widget-wrap elementor-element-populated\">\n\t\t\t\t\t\t<div class=\"elementor-element elementor-element-4128632a de_scroll_animation_no elementor-widget elementor-widget-gallery\" data-id=\"4128632a\" data-element_type=\"widget\" data-e-type=\"widget\" data-settings=\"{&quot;gallery_layout&quot;:&quot;masonry&quot;,&quot;columns&quot;:3,&quot;gap&quot;:{&quot;unit&quot;:&quot;px&quot;,&quot;size&quot;:30,&quot;sizes&quot;:[]},&quot;lazyload&quot;:&quot;yes&quot;,&quot;columns_tablet&quot;:2,&quot;columns_mobile&quot;:1,&quot;gap_tablet&quot;:{&quot;unit&quot;:&quot;px&quot;,&quot;size&quot;:10,&quot;sizes&quot;:[]},&quot;gap_mobile&quot;:{&quot;unit&quot;:&quot;px&quot;,&quot;size&quot;:10,&quot;sizes&quot;:[]},&quot;link_to&quot;:&quot;file&quot;,&quot;overlay_background&quot;:&quot;yes&quot;,&quot;content_hover_animation&quot;:&quot;fade-in&quot;}\" data-widget_type=\"gallery.default\">\n\t\t\t\t<div class=\"elementor-widget-container\">\n\t\t\t\t\t\t\t<div class=\"elementor-gallery__container\">\n\t\t\t\t\t\t\t<a class=\"e-gallery-item elementor-gallery-item elementor-animated-content\" href=\"https:\/\/www.arena-events.fr\/wp-content\/uploads\/2021\/03\/IMG_02771-scaled.jpg\" data-elementor-open-lightbox=\"yes\" data-elementor-lightbox-slideshow=\"4128632a\" data-elementor-lightbox-title=\"IMG_02771\" data-e-action-hash=\"#elementor-action%3Aaction%3Dlightbox%26settings%3DeyJpZCI6MTM2LCJ1cmwiOiJodHRwczpcL1wvd3d3LmFyZW5hLWV2ZW50cy5mclwvd3AtY29udGVudFwvdXBsb2Fkc1wvMjAyMVwvMDNcL0lNR18wMjc3MS1zY2FsZWQuanBnIiwic2xpZGVzaG93IjoiNDEyODYzMmEifQ%3D%3D\">\n\t\t\t\t\t<div class=\"e-gallery-image elementor-gallery-item__image\" data-thumbnail=\"https:\/\/www.arena-events.fr\/wp-content\/uploads\/2021\/03\/IMG_02771-scaled.jpg\" data-width=\"1536\" data-height=\"2048\" aria-label=\"\" role=\"img\" ><\/div>\n\t\t\t\t\t\t\t\t\t\t\t<div class=\"elementor-gallery-item__overlay\"><\/div>\n\t\t\t\t\t\t\t\t\t\t\t\t\t\t<\/a>\n\t\t\t\t\t\t\t<a class=\"e-gallery-item elementor-gallery-item elementor-animated-content\" href=\"https:\/\/www.arena-events.fr\/wp-content\/uploads\/2021\/03\/IMG_0296-scaled.jpg\" data-elementor-open-lightbox=\"yes\" data-elementor-lightbox-slideshow=\"4128632a\" data-elementor-lightbox-title=\"IMG_0296\" data-e-action-hash=\"#elementor-action%3Aaction%3Dlightbox%26settings%3DeyJpZCI6MTM0LCJ1cmwiOiJodHRwczpcL1wvd3d3LmFyZW5hLWV2ZW50cy5mclwvd3AtY29udGVudFwvdXBsb2Fkc1wvMjAyMVwvMDNcL0lNR18wMjk2LXNjYWxlZC5qcGciLCJzbGlkZXNob3ciOiI0MTI4NjMyYSJ9\">\n\t\t\t\t\t<div class=\"e-gallery-image elementor-gallery-item__image\" data-thumbnail=\"https:\/\/www.arena-events.fr\/wp-content\/uploads\/2021\/03\/IMG_0296-scaled.jpg\" data-width=\"1751\" data-height=\"2048\" aria-label=\"\" role=\"img\" ><\/div>\n\t\t\t\t\t\t\t\t\t\t\t<div class=\"elementor-gallery-item__overlay\"><\/div>\n\t\t\t\t\t\t\t\t\t\t\t\t\t\t<\/a>\n\t\t\t\t\t\t\t<a class=\"e-gallery-item elementor-gallery-item elementor-animated-content\" href=\"https:\/\/www.arena-events.fr\/wp-content\/uploads\/2021\/03\/26094C22-ABEA-4DE7-8686-BD5C777F4810_1_105_c.jpg\" data-elementor-open-lightbox=\"yes\" data-elementor-lightbox-slideshow=\"4128632a\" data-elementor-lightbox-title=\"26094C22-ABEA-4DE7-8686-BD5C777F4810_1_105_c\" data-e-action-hash=\"#elementor-action%3Aaction%3Dlightbox%26settings%3DeyJpZCI6MTMxLCJ1cmwiOiJodHRwczpcL1wvd3d3LmFyZW5hLWV2ZW50cy5mclwvd3AtY29udGVudFwvdXBsb2Fkc1wvMjAyMVwvMDNcLzI2MDk0QzIyLUFCRUEtNERFNy04Njg2LUJENUM3NzdGNDgxMF8xXzEwNV9jLmpwZyIsInNsaWRlc2hvdyI6IjQxMjg2MzJhIn0%3D\">\n\t\t\t\t\t<div class=\"e-gallery-image elementor-gallery-item__image\" data-thumbnail=\"https:\/\/www.arena-events.fr\/wp-content\/uploads\/2021\/03\/26094C22-ABEA-4DE7-8686-BD5C777F4810_1_105_c.jpg\" data-width=\"1024\" data-height=\"768\" aria-label=\"\" role=\"img\" ><\/div>\n\t\t\t\t\t\t\t\t\t\t\t<div class=\"elementor-gallery-item__overlay\"><\/div>\n\t\t\t\t\t\t\t\t\t\t\t\t\t\t<\/a>\n\t\t\t\t\t\t\t<a class=\"e-gallery-item elementor-gallery-item elementor-animated-content\" href=\"https:\/\/www.arena-events.fr\/wp-content\/uploads\/2021\/03\/B6A2B278-B8D4-4740-935C-846C41605EC3_1_105_c.jpg\" data-elementor-open-lightbox=\"yes\" data-elementor-lightbox-slideshow=\"4128632a\" data-elementor-lightbox-title=\"B6A2B278-B8D4-4740-935C-846C41605EC3_1_105_c\" data-e-action-hash=\"#elementor-action%3Aaction%3Dlightbox%26settings%3DeyJpZCI6MTMyLCJ1cmwiOiJodHRwczpcL1wvd3d3LmFyZW5hLWV2ZW50cy5mclwvd3AtY29udGVudFwvdXBsb2Fkc1wvMjAyMVwvMDNcL0I2QTJCMjc4LUI4RDQtNDc0MC05MzVDLTg0NkM0MTYwNUVDM18xXzEwNV9jLmpwZyIsInNsaWRlc2hvdyI6IjQxMjg2MzJhIn0%3D\">\n\t\t\t\t\t<div class=\"e-gallery-image elementor-gallery-item__image\" data-thumbnail=\"https:\/\/www.arena-events.fr\/wp-content\/uploads\/2021\/03\/B6A2B278-B8D4-4740-935C-846C41605EC3_1_105_c.jpg\" data-width=\"1024\" data-height=\"768\" aria-label=\"\" role=\"img\" ><\/div>\n\t\t\t\t\t\t\t\t\t\t\t<div class=\"elementor-gallery-item__overlay\"><\/div>\n\t\t\t\t\t\t\t\t\t\t\t\t\t\t<\/a>\n\t\t\t\t\t\t\t<a class=\"e-gallery-item elementor-gallery-item elementor-animated-content\" href=\"https:\/\/www.arena-events.fr\/wp-content\/uploads\/2021\/03\/IMG_02551-scaled.jpg\" data-elementor-open-lightbox=\"yes\" data-elementor-lightbox-slideshow=\"4128632a\" data-elementor-lightbox-title=\"IMG_02551\" data-e-action-hash=\"#elementor-action%3Aaction%3Dlightbox%26settings%3DeyJpZCI6MTM1LCJ1cmwiOiJodHRwczpcL1wvd3d3LmFyZW5hLWV2ZW50cy5mclwvd3AtY29udGVudFwvdXBsb2Fkc1wvMjAyMVwvMDNcL0lNR18wMjU1MS1zY2FsZWQuanBnIiwic2xpZGVzaG93IjoiNDEyODYzMmEifQ%3D%3D\">\n\t\t\t\t\t<div class=\"e-gallery-image elementor-gallery-item__image\" data-thumbnail=\"https:\/\/www.arena-events.fr\/wp-content\/uploads\/2021\/03\/IMG_02551-scaled.jpg\" data-width=\"2048\" data-height=\"1536\" aria-label=\"\" role=\"img\" ><\/div>\n\t\t\t\t\t\t\t\t\t\t\t<div class=\"elementor-gallery-item__overlay\"><\/div>\n\t\t\t\t\t\t\t\t\t\t\t\t\t\t<\/a>\n\t\t\t\t\t\t\t<a class=\"e-gallery-item elementor-gallery-item elementor-animated-content\" href=\"https:\/\/www.arena-events.fr\/wp-content\/uploads\/2021\/03\/kevin-charit-qSgayGZLm2w-unsplash-scaled.jpg\" data-elementor-open-lightbox=\"yes\" data-elementor-lightbox-slideshow=\"4128632a\" data-elementor-lightbox-title=\"kevin-charit-qSgayGZLm2w-unsplash\" data-e-action-hash=\"#elementor-action%3Aaction%3Dlightbox%26settings%3DeyJpZCI6MTM3LCJ1cmwiOiJodHRwczpcL1wvd3d3LmFyZW5hLWV2ZW50cy5mclwvd3AtY29udGVudFwvdXBsb2Fkc1wvMjAyMVwvMDNcL2tldmluLWNoYXJpdC1xU2dheUdaTG0ydy11bnNwbGFzaC1zY2FsZWQuanBnIiwic2xpZGVzaG93IjoiNDEyODYzMmEifQ%3D%3D\">\n\t\t\t\t\t<div class=\"e-gallery-image elementor-gallery-item__image\" data-thumbnail=\"https:\/\/www.arena-events.fr\/wp-content\/uploads\/2021\/03\/kevin-charit-qSgayGZLm2w-unsplash-scaled.jpg\" data-width=\"2048\" data-height=\"1152\" aria-label=\"\" role=\"img\" ><\/div>\n\t\t\t\t\t\t\t\t\t\t\t<div class=\"elementor-gallery-item__overlay\"><\/div>\n\t\t\t\t\t\t\t\t\t\t\t\t\t\t<\/a>\n\t\t\t\t\t<\/div>\n\t\t\t\t\t<\/div>\n\t\t\t\t<\/div>\n\t\t\t\t\t<\/div>\n\t\t<\/div>\n\t\t\t\t\t<\/div>\n\t\t<\/section>\n\t\t\t\t<section class=\"elementor-section elementor-top-section elementor-element elementor-element-4d433c14 elementor-section-boxed elementor-section-height-default elementor-section-height-default\" data-id=\"4d433c14\" data-element_type=\"section\" data-e-type=\"section\">\n\t\t\t\t\t\t<div class=\"elementor-container elementor-column-gap-default\">\n\t\t\t\t\t<div class=\"elementor-column elementor-col-100 elementor-top-column elementor-element elementor-element-23c30ce9\" data-id=\"23c30ce9\" data-element_type=\"column\" data-e-type=\"column\">\n\t\t\t<div class=\"elementor-widget-wrap elementor-element-populated\">\n\t\t\t\t\t\t<div class=\"elementor-element elementor-element-5694d9fb elementor-align-center de_scroll_animation_no elementor-widget elementor-widget-button\" data-id=\"5694d9fb\" data-element_type=\"widget\" data-e-type=\"widget\" data-widget_type=\"button.default\">\n\t\t\t\t<div class=\"elementor-widget-container\">\n\t\t\t\t\t\t\t\t\t<div class=\"elementor-button-wrapper\">\n\t\t\t\t\t<a class=\"elementor-button elementor-button-link elementor-size-lg\" href=\"https:\/\/www.arena-events.fr\/accueil\/evenements-dentreprises\/\">\n\t\t\t\t\t\t<span class=\"elementor-button-content-wrapper\">\n\t\t\t\t\t\t<span class=\"elementor-button-icon\">\n\t\t\t\t<i aria-hidden=\"true\" class=\"dticon dticon-arrow-back-outline\"><\/i>\t\t\t<\/span>\n\t\t\t\t\t\t\t\t\t<span class=\"elementor-button-text\">REVENIR AUX \u00c9V\u00c9NEMENTS<\/span>\n\t\t\t\t\t<\/span>\n\t\t\t\t\t<\/a>\n\t\t\t\t<\/div>\n\t\t\t\t\t\t\t\t<\/div>\n\t\t\t\t<\/div>\n\t\t\t\t\t<\/div>\n\t\t<\/div>\n\t\t\t\t\t<\/div>\n\t\t<\/section>\n\t\t\t\t<\/div>\n\t\t","protected":false},"excerpt":{"rendered":"<p>S\u00e9minaire \u2014 \u2014 Venise La destination id\u00e9ale pour des \u00e9v\u00e8nements de prestige Venise est la destination id\u00e9ale pour des \u00e9v\u00e9nements de prestige: palais historiques, gastronomie reconnue et son architecture rendent cette ville si particuli\u00e8re\u2026\u00a0 Visite exclusive de la verrerie de Murano, initiation au Dragon Boat (courses en pirogues) et la privatisation d\u2019un site historique pour [&hellip;]<\/p>\n","protected":false},"author":1,"featured_media":0,"parent":400,"menu_order":4,"comment_status":"closed","ping_status":"closed","template":"elementor_header_footer","meta":{"footnotes":""},"class_list":["post-626","page","type-page","status-publish","hentry"],"_links":{"self":[{"href":"https:\/\/www.arena-events.fr\/fr\/wp-json\/wp\/v2\/pages\/626","targetHints":{"allow":["GET"]}}],"collection":[{"href":"https:\/\/www.arena-events.fr\/fr\/wp-json\/wp\/v2\/pages"}],"about":[{"href":"https:\/\/www.arena-events.fr\/fr\/wp-json\/wp\/v2\/types\/page"}],"author":[{"embeddable":true,"href":"https:\/\/www.arena-events.fr\/fr\/wp-json\/wp\/v2\/users\/1"}],"replies":[{"embeddable":true,"href":"https:\/\/www.arena-events.fr\/fr\/wp-json\/wp\/v2\/comments?post=626"}],"version-history":[{"count":7,"href":"https:\/\/www.arena-events.fr\/fr\/wp-json\/wp\/v2\/pages\/626\/revisions"}],"predecessor-version":[{"id":1129,"href":"https:\/\/www.arena-events.fr\/fr\/wp-json\/wp\/v2\/pages\/626\/revisions\/1129"}],"up":[{"embeddable":true,"href":"https:\/\/www.arena-events.fr\/fr\/wp-json\/wp\/v2\/pages\/400"}],"wp:attachment":[{"href":"https:\/\/www.arena-events.fr\/fr\/wp-json\/wp\/v2\/media?parent=626"}],"curies":[{"name":"wp","href":"https:\/\/api.w.org\/{rel}","templated":true}]}}