{"id":605,"date":"2021-03-29T14:16:05","date_gmt":"2021-03-29T12:16:05","guid":{"rendered":"https:\/\/www.arena-events.fr\/?page_id=605"},"modified":"2021-04-20T11:41:10","modified_gmt":"2021-04-20T09:41:10","slug":"seminaire-reykjavik","status":"publish","type":"page","link":"https:\/\/www.arena-events.fr\/fr\/accueil\/evenements-dentreprises\/seminaires-conventions\/seminaire-reykjavik\/","title":{"rendered":"S\u00e9minaire Reykjavik"},"content":{"rendered":"\t\t<div data-elementor-type=\"wp-page\" data-elementor-id=\"605\" class=\"elementor elementor-605\" data-elementor-post-type=\"page\">\n\t\t\t\t\t\t<section class=\"elementor-section elementor-top-section elementor-element elementor-element-29a79da elementor-section-boxed elementor-section-height-default elementor-section-height-default\" data-id=\"29a79da\" data-element_type=\"section\" data-e-type=\"section\" data-settings=\"{&quot;background_background&quot;:&quot;classic&quot;}\">\n\t\t\t\t\t\t<div class=\"elementor-container elementor-column-gap-no\">\n\t\t\t\t\t<div class=\"elementor-column elementor-col-100 elementor-top-column elementor-element elementor-element-1aaad3f\" data-id=\"1aaad3f\" data-element_type=\"column\" data-e-type=\"column\">\n\t\t\t<div class=\"elementor-widget-wrap elementor-element-populated\">\n\t\t\t\t\t\t<section class=\"elementor-section elementor-inner-section elementor-element elementor-element-3c115a04 elementor-section-full_width elementor-section-height-default elementor-section-height-default\" data-id=\"3c115a04\" data-element_type=\"section\" data-e-type=\"section\">\n\t\t\t\t\t\t<div class=\"elementor-container elementor-column-gap-wider\">\n\t\t\t\t\t<div class=\"elementor-column elementor-col-33 elementor-inner-column elementor-element elementor-element-36367c12\" data-id=\"36367c12\" data-element_type=\"column\" data-e-type=\"column\">\n\t\t\t<div class=\"elementor-widget-wrap\">\n\t\t\t\t\t\t\t<\/div>\n\t\t<\/div>\n\t\t\t\t<div class=\"elementor-column elementor-col-33 elementor-inner-column elementor-element elementor-element-36968c6f\" data-id=\"36968c6f\" data-element_type=\"column\" data-e-type=\"column\">\n\t\t\t<div class=\"elementor-widget-wrap elementor-element-populated\">\n\t\t\t\t\t\t<div class=\"elementor-element elementor-element-7cf5e1da elementor-widget__width-auto de_scroll_animation_no elementor-widget elementor-widget-heading\" data-id=\"7cf5e1da\" data-element_type=\"widget\" data-e-type=\"widget\" data-widget_type=\"heading.default\">\n\t\t\t\t<div class=\"elementor-widget-container\">\n\t\t\t\t\t<div class=\"elementor-heading-title elementor-size-default\">S\u00e9minaire<\/div>\t\t\t\t<\/div>\n\t\t\t\t<\/div>\n\t\t\t\t<div class=\"elementor-element elementor-element-4a108e80 elementor-headline--style-rotate elementor-widget__width-auto de_scroll_animation_no elementor-widget elementor-widget-animated-headline\" data-id=\"4a108e80\" data-element_type=\"widget\" data-e-type=\"widget\" data-settings=\"{&quot;headline_style&quot;:&quot;rotate&quot;,&quot;animation_type&quot;:&quot;blinds&quot;,&quot;rotating_text&quot;:&quot;\\u2014\\n\\u2014&quot;,&quot;loop&quot;:&quot;yes&quot;,&quot;rotate_iteration_delay&quot;:2500}\" data-widget_type=\"animated-headline.default\">\n\t\t\t\t<div class=\"elementor-widget-container\">\n\t\t\t\t\t\t\t<div class=\"elementor-headline elementor-headline-animation-type-blinds elementor-headline-letters\">\n\t\t\t\t<span class=\"elementor-headline-dynamic-wrapper elementor-headline-text-wrapper\">\n\t\t\t\t\t<span class=\"elementor-headline-dynamic-text elementor-headline-text-active\">\n\t\t\t\t\u2014\t\t\t<\/span>\n\t\t\t\t\t<span class=\"elementor-headline-dynamic-text\">\n\t\t\t\t\u2014\t\t\t<\/span>\n\t\t\t\t\t\t<\/span>\n\t\t\t\t<\/div>\n\t\t\t\t\t\t<\/div>\n\t\t\t\t<\/div>\n\t\t\t\t<div class=\"elementor-element elementor-element-2c322c71 de_scroll_animation_no elementor-invisible elementor-widget elementor-widget-heading\" data-id=\"2c322c71\" data-element_type=\"widget\" data-e-type=\"widget\" data-settings=\"{&quot;_animation&quot;:&quot;fadeInDown&quot;}\" data-widget_type=\"heading.default\">\n\t\t\t\t<div class=\"elementor-widget-container\">\n\t\t\t\t\t<h2 class=\"elementor-heading-title elementor-size-default\">Reykjavik<\/h2>\t\t\t\t<\/div>\n\t\t\t\t<\/div>\n\t\t\t\t\t<\/div>\n\t\t<\/div>\n\t\t\t\t<div class=\"elementor-column elementor-col-33 elementor-inner-column elementor-element elementor-element-2421624b\" data-id=\"2421624b\" data-element_type=\"column\" data-e-type=\"column\">\n\t\t\t<div class=\"elementor-widget-wrap\">\n\t\t\t\t\t\t\t<\/div>\n\t\t<\/div>\n\t\t\t\t\t<\/div>\n\t\t<\/section>\n\t\t\t\t<section class=\"elementor-section elementor-inner-section elementor-element elementor-element-6747eedc elementor-section-boxed elementor-section-height-default elementor-section-height-default\" data-id=\"6747eedc\" data-element_type=\"section\" data-e-type=\"section\">\n\t\t\t\t\t\t<div class=\"elementor-container elementor-column-gap-wider\">\n\t\t\t\t\t<div class=\"elementor-column elementor-col-100 elementor-inner-column elementor-element elementor-element-3be81ffb\" data-id=\"3be81ffb\" data-element_type=\"column\" data-e-type=\"column\">\n\t\t\t<div class=\"elementor-widget-wrap elementor-element-populated\">\n\t\t\t\t\t\t<div class=\"elementor-element elementor-element-6cae9c3e de_scroll_animation_no elementor-widget elementor-widget-image\" data-id=\"6cae9c3e\" data-element_type=\"widget\" data-e-type=\"widget\" data-settings=\"{&quot;motion_fx_motion_fx_scrolling&quot;:&quot;yes&quot;,&quot;motion_fx_scale_effect&quot;:&quot;yes&quot;,&quot;motion_fx_scale_direction&quot;:&quot;in-out-in&quot;,&quot;motion_fx_scale_speed&quot;:{&quot;unit&quot;:&quot;px&quot;,&quot;size&quot;:&quot;1&quot;,&quot;sizes&quot;:[]},&quot;motion_fx_scale_range&quot;:{&quot;unit&quot;:&quot;%&quot;,&quot;size&quot;:&quot;&quot;,&quot;sizes&quot;:{&quot;start&quot;:&quot;32&quot;,&quot;end&quot;:&quot;100&quot;}},&quot;motion_fx_devices&quot;:[&quot;desktop&quot;,&quot;tablet&quot;,&quot;mobile&quot;]}\" data-widget_type=\"image.default\">\n\t\t\t\t<div class=\"elementor-widget-container\">\n\t\t\t\t\t\t\t\t\t\t\t\t\t\t\t<img fetchpriority=\"high\" decoding=\"async\" width=\"800\" height=\"534\" src=\"https:\/\/www.arena-events.fr\/wp-content\/uploads\/2021\/03\/neonbrand-erMxh4pVLAY-unsplash-1024x683.jpg\" class=\"attachment-large size-large wp-image-101\" alt=\"\" srcset=\"https:\/\/www.arena-events.fr\/wp-content\/uploads\/2021\/03\/neonbrand-erMxh4pVLAY-unsplash-1024x683.jpg 1024w, https:\/\/www.arena-events.fr\/wp-content\/uploads\/2021\/03\/neonbrand-erMxh4pVLAY-unsplash-300x200.jpg 300w, https:\/\/www.arena-events.fr\/wp-content\/uploads\/2021\/03\/neonbrand-erMxh4pVLAY-unsplash-768x512.jpg 768w, https:\/\/www.arena-events.fr\/wp-content\/uploads\/2021\/03\/neonbrand-erMxh4pVLAY-unsplash-1536x1024.jpg 1536w, https:\/\/www.arena-events.fr\/wp-content\/uploads\/2021\/03\/neonbrand-erMxh4pVLAY-unsplash-scaled.jpg 2048w, https:\/\/www.arena-events.fr\/wp-content\/uploads\/2021\/03\/neonbrand-erMxh4pVLAY-unsplash-16x12.jpg 16w, https:\/\/www.arena-events.fr\/wp-content\/uploads\/2021\/03\/neonbrand-erMxh4pVLAY-unsplash-1200x800.jpg 1200w, https:\/\/www.arena-events.fr\/wp-content\/uploads\/2021\/03\/neonbrand-erMxh4pVLAY-unsplash-1980x1320.jpg 1980w\" sizes=\"(max-width: 800px) 100vw, 800px\" \/>\t\t\t\t\t\t\t\t\t\t\t\t\t\t\t<\/div>\n\t\t\t\t<\/div>\n\t\t\t\t<div class=\"elementor-element elementor-element-27efa068 de_scroll_animation_no elementor-widget elementor-widget-image\" data-id=\"27efa068\" data-element_type=\"widget\" data-e-type=\"widget\" data-settings=\"{&quot;motion_fx_motion_fx_scrolling&quot;:&quot;yes&quot;,&quot;motion_fx_scale_effect&quot;:&quot;yes&quot;,&quot;motion_fx_scale_direction&quot;:&quot;out-in-out&quot;,&quot;motion_fx_scale_speed&quot;:{&quot;unit&quot;:&quot;px&quot;,&quot;size&quot;:&quot;1&quot;,&quot;sizes&quot;:[]},&quot;motion_fx_scale_range&quot;:{&quot;unit&quot;:&quot;%&quot;,&quot;size&quot;:&quot;&quot;,&quot;sizes&quot;:{&quot;start&quot;:&quot;51&quot;,&quot;end&quot;:&quot;99&quot;}},&quot;motion_fx_devices&quot;:[&quot;desktop&quot;,&quot;tablet&quot;,&quot;mobile&quot;]}\" data-widget_type=\"image.default\">\n\t\t\t\t<div class=\"elementor-widget-container\">\n\t\t\t\t\t\t\t\t\t\t\t\t\t\t\t<img decoding=\"async\" width=\"2048\" height=\"1152\" src=\"https:\/\/www.arena-events.fr\/wp-content\/uploads\/2021\/03\/ludovic-charlet-ynXkatjHH-U-unsplash-scaled.jpg\" class=\"attachment-full size-full wp-image-100\" alt=\"\" srcset=\"https:\/\/www.arena-events.fr\/wp-content\/uploads\/2021\/03\/ludovic-charlet-ynXkatjHH-U-unsplash-scaled.jpg 2048w, https:\/\/www.arena-events.fr\/wp-content\/uploads\/2021\/03\/ludovic-charlet-ynXkatjHH-U-unsplash-300x169.jpg 300w, https:\/\/www.arena-events.fr\/wp-content\/uploads\/2021\/03\/ludovic-charlet-ynXkatjHH-U-unsplash-1024x576.jpg 1024w, https:\/\/www.arena-events.fr\/wp-content\/uploads\/2021\/03\/ludovic-charlet-ynXkatjHH-U-unsplash-768x432.jpg 768w, https:\/\/www.arena-events.fr\/wp-content\/uploads\/2021\/03\/ludovic-charlet-ynXkatjHH-U-unsplash-1536x864.jpg 1536w, https:\/\/www.arena-events.fr\/wp-content\/uploads\/2021\/03\/ludovic-charlet-ynXkatjHH-U-unsplash-16x9.jpg 16w, https:\/\/www.arena-events.fr\/wp-content\/uploads\/2021\/03\/ludovic-charlet-ynXkatjHH-U-unsplash-1200x675.jpg 1200w, https:\/\/www.arena-events.fr\/wp-content\/uploads\/2021\/03\/ludovic-charlet-ynXkatjHH-U-unsplash-1980x1114.jpg 1980w\" sizes=\"(max-width: 2048px) 100vw, 2048px\" \/>\t\t\t\t\t\t\t\t\t\t\t\t\t\t\t<\/div>\n\t\t\t\t<\/div>\n\t\t\t\t\t<\/div>\n\t\t<\/div>\n\t\t\t\t\t<\/div>\n\t\t<\/section>\n\t\t\t\t<section class=\"elementor-section elementor-inner-section elementor-element elementor-element-2667838d elementor-section-boxed elementor-section-height-default elementor-section-height-default\" data-id=\"2667838d\" data-element_type=\"section\" data-e-type=\"section\">\n\t\t\t\t\t\t<div class=\"elementor-container elementor-column-gap-wider\">\n\t\t\t\t\t<div class=\"elementor-column elementor-col-33 elementor-inner-column elementor-element elementor-element-30d5c709\" data-id=\"30d5c709\" data-element_type=\"column\" data-e-type=\"column\">\n\t\t\t<div class=\"elementor-widget-wrap elementor-element-populated\">\n\t\t\t\t\t\t<div class=\"elementor-element elementor-element-3fb1c6e9 de_scroll_animation_no elementor-invisible elementor-widget elementor-widget-heading\" data-id=\"3fb1c6e9\" data-element_type=\"widget\" data-e-type=\"widget\" data-settings=\"{&quot;_animation&quot;:&quot;fadeInDown&quot;}\" data-widget_type=\"heading.default\">\n\t\t\t\t<div class=\"elementor-widget-container\">\n\t\t\t\t\t<h3 class=\"elementor-heading-title elementor-size-default\">La Nature dans toute sa splendeur <\/h3>\t\t\t\t<\/div>\n\t\t\t\t<\/div>\n\t\t\t\t<div class=\"elementor-element elementor-element-4262741 de_scroll_animation_no elementor-widget elementor-widget-text-editor\" data-id=\"4262741\" data-element_type=\"widget\" data-e-type=\"widget\" data-widget_type=\"text-editor.default\">\n\t\t\t\t<div class=\"elementor-widget-container\">\n\t\t\t\t\t\t\t\t\t<p>offerte \u00e0 50 clients, pendant 4 jours :<\/p><ul><li>Les plus grandes chutes d\u2019eau au monde et cascades \u00e0 Dettifoss.<\/li><li>Les grandes \u00e9ruptions de geysers \u00e0 Geysir, particuli\u00e8rement impressionnantes.<\/li><li>Plong\u00e9e sous-marine \u00e0 Silfra o\u00f9 l\u2019eau est la plus claire et la plus pure au monde.<\/li><li>Sources d\u2019eau chaude.<\/li><li>Contemplation des baleines.<\/li><li>Balade \u00e0 cheval \u00e0 Reykjavik.<\/li><li>Raid en 4 x 4.<\/li><\/ul><p>\u00a0<\/p><p>Une grande bouff\u00e9e d\u2019oxyg\u00e8ne revitalisante pour tous les participants !<\/p>\t\t\t\t\t\t\t\t<\/div>\n\t\t\t\t<\/div>\n\t\t\t\t\t<\/div>\n\t\t<\/div>\n\t\t\t\t<div class=\"elementor-column elementor-col-33 elementor-inner-column elementor-element elementor-element-6ce6b991\" data-id=\"6ce6b991\" data-element_type=\"column\" data-e-type=\"column\">\n\t\t\t<div class=\"elementor-widget-wrap\">\n\t\t\t\t\t\t\t<\/div>\n\t\t<\/div>\n\t\t\t\t<div class=\"elementor-column elementor-col-33 elementor-inner-column elementor-element elementor-element-471986b6\" data-id=\"471986b6\" data-element_type=\"column\" data-e-type=\"column\">\n\t\t\t<div class=\"elementor-widget-wrap elementor-element-populated\">\n\t\t\t\t\t\t<div class=\"elementor-element elementor-element-45fb1039 elementor-widget__width-initial elementor-widget-mobile__width-initial de_scroll_animation_no elementor-widget elementor-widget-heading\" data-id=\"45fb1039\" data-element_type=\"widget\" data-e-type=\"widget\" data-widget_type=\"heading.default\">\n\t\t\t\t<div class=\"elementor-widget-container\">\n\t\t\t\t\t<span class=\"elementor-heading-title elementor-size-default\">Lieu<\/span>\t\t\t\t<\/div>\n\t\t\t\t<\/div>\n\t\t\t\t<div class=\"elementor-element elementor-element-75468a82 elementor-widget__width-initial elementor-widget-tablet__width-initial elementor-widget-mobile__width-initial de_scroll_animation_no elementor-widget elementor-widget-heading\" data-id=\"75468a82\" data-element_type=\"widget\" data-e-type=\"widget\" data-widget_type=\"heading.default\">\n\t\t\t\t<div class=\"elementor-widget-container\">\n\t\t\t\t\t<span class=\"elementor-heading-title elementor-size-default\">Reykjavik, Islande<\/span>\t\t\t\t<\/div>\n\t\t\t\t<\/div>\n\t\t\t\t<div class=\"elementor-element elementor-element-22d258e elementor-widget-divider--view-line de_scroll_animation_no elementor-widget elementor-widget-divider\" data-id=\"22d258e\" data-element_type=\"widget\" data-e-type=\"widget\" data-widget_type=\"divider.default\">\n\t\t\t\t<div class=\"elementor-widget-container\">\n\t\t\t\t\t\t\t<div class=\"elementor-divider\">\n\t\t\t<span class=\"elementor-divider-separator\">\n\t\t\t\t\t\t<\/span>\n\t\t<\/div>\n\t\t\t\t\t\t<\/div>\n\t\t\t\t<\/div>\n\t\t\t\t<div class=\"elementor-element elementor-element-2de63658 elementor-widget__width-initial elementor-widget-mobile__width-initial de_scroll_animation_no elementor-widget elementor-widget-heading\" data-id=\"2de63658\" data-element_type=\"widget\" data-e-type=\"widget\" data-widget_type=\"heading.default\">\n\t\t\t\t<div class=\"elementor-widget-container\">\n\t\t\t\t\t<span class=\"elementor-heading-title elementor-size-default\">Nombre<\/span>\t\t\t\t<\/div>\n\t\t\t\t<\/div>\n\t\t\t\t<div class=\"elementor-element elementor-element-2d6c8863 elementor-widget__width-initial elementor-widget-tablet__width-initial elementor-widget-mobile__width-initial de_scroll_animation_no elementor-widget elementor-widget-heading\" data-id=\"2d6c8863\" data-element_type=\"widget\" data-e-type=\"widget\" data-widget_type=\"heading.default\">\n\t\t\t\t<div class=\"elementor-widget-container\">\n\t\t\t\t\t<span class=\"elementor-heading-title elementor-size-default\">50 personnes<\/span>\t\t\t\t<\/div>\n\t\t\t\t<\/div>\n\t\t\t\t<div class=\"elementor-element elementor-element-77a60a9b elementor-widget-divider--view-line de_scroll_animation_no elementor-widget elementor-widget-divider\" data-id=\"77a60a9b\" data-element_type=\"widget\" data-e-type=\"widget\" data-widget_type=\"divider.default\">\n\t\t\t\t<div class=\"elementor-widget-container\">\n\t\t\t\t\t\t\t<div class=\"elementor-divider\">\n\t\t\t<span class=\"elementor-divider-separator\">\n\t\t\t\t\t\t<\/span>\n\t\t<\/div>\n\t\t\t\t\t\t<\/div>\n\t\t\t\t<\/div>\n\t\t\t\t<div class=\"elementor-element elementor-element-363890d1 elementor-widget__width-initial de_scroll_animation_no elementor-widget elementor-widget-heading\" data-id=\"363890d1\" data-element_type=\"widget\" data-e-type=\"widget\" data-widget_type=\"heading.default\">\n\t\t\t\t<div class=\"elementor-widget-container\">\n\t\t\t\t\t<span class=\"elementor-heading-title elementor-size-default\">Activit\u00e9s<\/span>\t\t\t\t<\/div>\n\t\t\t\t<\/div>\n\t\t\t\t<div class=\"elementor-element elementor-element-516e9a14 elementor-widget__width-initial elementor-widget-tablet__width-initial elementor-widget-mobile__width-initial de_scroll_animation_no elementor-widget elementor-widget-heading\" data-id=\"516e9a14\" data-element_type=\"widget\" data-e-type=\"widget\" data-widget_type=\"heading.default\">\n\t\t\t\t<div class=\"elementor-widget-container\">\n\t\t\t\t\t<span class=\"elementor-heading-title elementor-size-default\">Plong\u00e9e sous-marine<br>\nBalade \u00e0 cheval<br>\nRaid en 4x4<\/span>\t\t\t\t<\/div>\n\t\t\t\t<\/div>\n\t\t\t\t\t<\/div>\n\t\t<\/div>\n\t\t\t\t\t<\/div>\n\t\t<\/section>\n\t\t\t\t\t<\/div>\n\t\t<\/div>\n\t\t\t\t\t<\/div>\n\t\t<\/section>\n\t\t\t\t<section class=\"elementor-section elementor-top-section elementor-element elementor-element-10b14a57 elementor-section-content-middle elementor-section-boxed elementor-section-height-default elementor-section-height-default\" data-id=\"10b14a57\" data-element_type=\"section\" data-e-type=\"section\">\n\t\t\t\t\t\t<div class=\"elementor-container elementor-column-gap-wider\">\n\t\t\t\t\t<div class=\"elementor-column elementor-col-100 elementor-top-column elementor-element elementor-element-26d5cf24\" data-id=\"26d5cf24\" data-element_type=\"column\" data-e-type=\"column\">\n\t\t\t<div class=\"elementor-widget-wrap elementor-element-populated\">\n\t\t\t\t\t\t<div class=\"elementor-element elementor-element-48540ca9 de_scroll_animation_no elementor-widget elementor-widget-gallery\" data-id=\"48540ca9\" data-element_type=\"widget\" data-e-type=\"widget\" data-settings=\"{&quot;gallery_layout&quot;:&quot;masonry&quot;,&quot;columns&quot;:3,&quot;gap&quot;:{&quot;unit&quot;:&quot;px&quot;,&quot;size&quot;:30,&quot;sizes&quot;:[]},&quot;lazyload&quot;:&quot;yes&quot;,&quot;columns_tablet&quot;:2,&quot;columns_mobile&quot;:1,&quot;gap_tablet&quot;:{&quot;unit&quot;:&quot;px&quot;,&quot;size&quot;:10,&quot;sizes&quot;:[]},&quot;gap_mobile&quot;:{&quot;unit&quot;:&quot;px&quot;,&quot;size&quot;:10,&quot;sizes&quot;:[]},&quot;link_to&quot;:&quot;file&quot;,&quot;overlay_background&quot;:&quot;yes&quot;,&quot;content_hover_animation&quot;:&quot;fade-in&quot;}\" data-widget_type=\"gallery.default\">\n\t\t\t\t<div class=\"elementor-widget-container\">\n\t\t\t\t\t\t\t<div class=\"elementor-gallery__container\">\n\t\t\t\t\t\t\t<a class=\"e-gallery-item elementor-gallery-item elementor-animated-content\" href=\"https:\/\/www.arena-events.fr\/wp-content\/uploads\/2021\/03\/ludovic-charlet-ynXkatjHH-U-unsplash-scaled.jpg\" data-elementor-open-lightbox=\"yes\" data-elementor-lightbox-slideshow=\"48540ca9\" data-elementor-lightbox-title=\"ludovic-charlet-ynXkatjHH-U-unsplash\" data-e-action-hash=\"#elementor-action%3Aaction%3Dlightbox%26settings%3DeyJpZCI6MTAwLCJ1cmwiOiJodHRwczpcL1wvd3d3LmFyZW5hLWV2ZW50cy5mclwvd3AtY29udGVudFwvdXBsb2Fkc1wvMjAyMVwvMDNcL2x1ZG92aWMtY2hhcmxldC15blhrYXRqSEgtVS11bnNwbGFzaC1zY2FsZWQuanBnIiwic2xpZGVzaG93IjoiNDg1NDBjYTkifQ%3D%3D\">\n\t\t\t\t\t<div class=\"e-gallery-image elementor-gallery-item__image\" data-thumbnail=\"https:\/\/www.arena-events.fr\/wp-content\/uploads\/2021\/03\/ludovic-charlet-ynXkatjHH-U-unsplash-scaled.jpg\" data-width=\"2048\" data-height=\"1152\" aria-label=\"\" role=\"img\" ><\/div>\n\t\t\t\t\t\t\t\t\t\t\t<div class=\"elementor-gallery-item__overlay\"><\/div>\n\t\t\t\t\t\t\t\t\t\t\t\t\t\t<\/a>\n\t\t\t\t\t\t\t<a class=\"e-gallery-item elementor-gallery-item elementor-animated-content\" href=\"https:\/\/www.arena-events.fr\/wp-content\/uploads\/2021\/03\/neonbrand-erMxh4pVLAY-unsplash-scaled.jpg\" data-elementor-open-lightbox=\"yes\" data-elementor-lightbox-slideshow=\"48540ca9\" data-elementor-lightbox-title=\"neonbrand-erMxh4pVLAY-unsplash\" data-e-action-hash=\"#elementor-action%3Aaction%3Dlightbox%26settings%3DeyJpZCI6MTAxLCJ1cmwiOiJodHRwczpcL1wvd3d3LmFyZW5hLWV2ZW50cy5mclwvd3AtY29udGVudFwvdXBsb2Fkc1wvMjAyMVwvMDNcL25lb25icmFuZC1lck14aDRwVkxBWS11bnNwbGFzaC1zY2FsZWQuanBnIiwic2xpZGVzaG93IjoiNDg1NDBjYTkifQ%3D%3D\">\n\t\t\t\t\t<div class=\"e-gallery-image elementor-gallery-item__image\" data-thumbnail=\"https:\/\/www.arena-events.fr\/wp-content\/uploads\/2021\/03\/neonbrand-erMxh4pVLAY-unsplash-scaled.jpg\" data-width=\"2048\" data-height=\"1365\" aria-label=\"\" role=\"img\" ><\/div>\n\t\t\t\t\t\t\t\t\t\t\t<div class=\"elementor-gallery-item__overlay\"><\/div>\n\t\t\t\t\t\t\t\t\t\t\t\t\t\t<\/a>\n\t\t\t\t\t\t\t<a class=\"e-gallery-item elementor-gallery-item elementor-animated-content\" href=\"https:\/\/www.arena-events.fr\/wp-content\/uploads\/2021\/03\/redcharlie-Xk0Deaj6EZQ-unsplash-scaled.jpg\" data-elementor-open-lightbox=\"yes\" data-elementor-lightbox-slideshow=\"48540ca9\" data-elementor-lightbox-title=\"redcharlie-Xk0Deaj6EZQ-unsplash\" data-e-action-hash=\"#elementor-action%3Aaction%3Dlightbox%26settings%3DeyJpZCI6MTAzLCJ1cmwiOiJodHRwczpcL1wvd3d3LmFyZW5hLWV2ZW50cy5mclwvd3AtY29udGVudFwvdXBsb2Fkc1wvMjAyMVwvMDNcL3JlZGNoYXJsaWUtWGswRGVhajZFWlEtdW5zcGxhc2gtc2NhbGVkLmpwZyIsInNsaWRlc2hvdyI6IjQ4NTQwY2E5In0%3D\">\n\t\t\t\t\t<div class=\"e-gallery-image elementor-gallery-item__image\" data-thumbnail=\"https:\/\/www.arena-events.fr\/wp-content\/uploads\/2021\/03\/redcharlie-Xk0Deaj6EZQ-unsplash-scaled.jpg\" data-width=\"2048\" data-height=\"1246\" aria-label=\"\" role=\"img\" ><\/div>\n\t\t\t\t\t\t\t\t\t\t\t<div class=\"elementor-gallery-item__overlay\"><\/div>\n\t\t\t\t\t\t\t\t\t\t\t\t\t\t<\/a>\n\t\t\t\t\t\t\t<a class=\"e-gallery-item elementor-gallery-item elementor-animated-content\" href=\"https:\/\/www.arena-events.fr\/wp-content\/uploads\/2021\/03\/rafael-garcin-ph-xRnM_U1c-unsplash-scaled.jpg\" data-elementor-open-lightbox=\"yes\" data-elementor-lightbox-slideshow=\"48540ca9\" data-elementor-lightbox-title=\"rafael-garcin-ph-xRnM_U1c-unsplash\" data-e-action-hash=\"#elementor-action%3Aaction%3Dlightbox%26settings%3DeyJpZCI6MTAyLCJ1cmwiOiJodHRwczpcL1wvd3d3LmFyZW5hLWV2ZW50cy5mclwvd3AtY29udGVudFwvdXBsb2Fkc1wvMjAyMVwvMDNcL3JhZmFlbC1nYXJjaW4tcGgteFJuTV9VMWMtdW5zcGxhc2gtc2NhbGVkLmpwZyIsInNsaWRlc2hvdyI6IjQ4NTQwY2E5In0%3D\">\n\t\t\t\t\t<div class=\"e-gallery-image elementor-gallery-item__image\" data-thumbnail=\"https:\/\/www.arena-events.fr\/wp-content\/uploads\/2021\/03\/rafael-garcin-ph-xRnM_U1c-unsplash-scaled.jpg\" data-width=\"2048\" data-height=\"1536\" aria-label=\"\" role=\"img\" ><\/div>\n\t\t\t\t\t\t\t\t\t\t\t<div class=\"elementor-gallery-item__overlay\"><\/div>\n\t\t\t\t\t\t\t\t\t\t\t\t\t\t<\/a>\n\t\t\t\t\t<\/div>\n\t\t\t\t\t<\/div>\n\t\t\t\t<\/div>\n\t\t\t\t\t<\/div>\n\t\t<\/div>\n\t\t\t\t\t<\/div>\n\t\t<\/section>\n\t\t\t\t<section class=\"elementor-section elementor-top-section elementor-element elementor-element-64843df2 elementor-section-boxed elementor-section-height-default elementor-section-height-default\" data-id=\"64843df2\" data-element_type=\"section\" data-e-type=\"section\">\n\t\t\t\t\t\t<div class=\"elementor-container elementor-column-gap-default\">\n\t\t\t\t\t<div class=\"elementor-column elementor-col-100 elementor-top-column elementor-element elementor-element-2a8ffda7\" data-id=\"2a8ffda7\" data-element_type=\"column\" data-e-type=\"column\">\n\t\t\t<div class=\"elementor-widget-wrap elementor-element-populated\">\n\t\t\t\t\t\t<div class=\"elementor-element elementor-element-2e2ef59b elementor-align-center de_scroll_animation_no elementor-widget elementor-widget-button\" data-id=\"2e2ef59b\" data-element_type=\"widget\" data-e-type=\"widget\" data-widget_type=\"button.default\">\n\t\t\t\t<div class=\"elementor-widget-container\">\n\t\t\t\t\t\t\t\t\t<div class=\"elementor-button-wrapper\">\n\t\t\t\t\t<a class=\"elementor-button elementor-button-link elementor-size-lg\" href=\"https:\/\/www.arena-events.fr\/accueil\/evenements-dentreprises\/\">\n\t\t\t\t\t\t<span class=\"elementor-button-content-wrapper\">\n\t\t\t\t\t\t<span class=\"elementor-button-icon\">\n\t\t\t\t<i aria-hidden=\"true\" class=\"dticon dticon-arrow-back-outline\"><\/i>\t\t\t<\/span>\n\t\t\t\t\t\t\t\t\t<span class=\"elementor-button-text\">REVENIR AUX \u00c9V\u00c9NEMENTS<\/span>\n\t\t\t\t\t<\/span>\n\t\t\t\t\t<\/a>\n\t\t\t\t<\/div>\n\t\t\t\t\t\t\t\t<\/div>\n\t\t\t\t<\/div>\n\t\t\t\t\t<\/div>\n\t\t<\/div>\n\t\t\t\t\t<\/div>\n\t\t<\/section>\n\t\t\t\t<\/div>\n\t\t","protected":false},"excerpt":{"rendered":"<p>S\u00e9minaire \u2014 \u2014 Reykjavik La Nature dans toute sa splendeur offerte \u00e0 50 clients, pendant 4 jours : Les plus grandes chutes d\u2019eau au monde et cascades \u00e0 Dettifoss. Les grandes \u00e9ruptions de geysers \u00e0 Geysir, particuli\u00e8rement impressionnantes. Plong\u00e9e sous-marine \u00e0 Silfra o\u00f9 l\u2019eau est la plus claire et la plus pure au monde. Sources [&hellip;]<\/p>\n","protected":false},"author":1,"featured_media":0,"parent":400,"menu_order":2,"comment_status":"closed","ping_status":"closed","template":"","meta":{"footnotes":""},"class_list":["post-605","page","type-page","status-publish","hentry"],"_links":{"self":[{"href":"https:\/\/www.arena-events.fr\/fr\/wp-json\/wp\/v2\/pages\/605","targetHints":{"allow":["GET"]}}],"collection":[{"href":"https:\/\/www.arena-events.fr\/fr\/wp-json\/wp\/v2\/pages"}],"about":[{"href":"https:\/\/www.arena-events.fr\/fr\/wp-json\/wp\/v2\/types\/page"}],"author":[{"embeddable":true,"href":"https:\/\/www.arena-events.fr\/fr\/wp-json\/wp\/v2\/users\/1"}],"replies":[{"embeddable":true,"href":"https:\/\/www.arena-events.fr\/fr\/wp-json\/wp\/v2\/comments?post=605"}],"version-history":[{"count":10,"href":"https:\/\/www.arena-events.fr\/fr\/wp-json\/wp\/v2\/pages\/605\/revisions"}],"predecessor-version":[{"id":1123,"href":"https:\/\/www.arena-events.fr\/fr\/wp-json\/wp\/v2\/pages\/605\/revisions\/1123"}],"up":[{"embeddable":true,"href":"https:\/\/www.arena-events.fr\/fr\/wp-json\/wp\/v2\/pages\/400"}],"wp:attachment":[{"href":"https:\/\/www.arena-events.fr\/fr\/wp-json\/wp\/v2\/media?parent=605"}],"curies":[{"name":"wp","href":"https:\/\/api.w.org\/{rel}","templated":true}]}}