{"id":1380,"date":"2021-09-30T10:01:30","date_gmt":"2021-09-30T08:01:30","guid":{"rendered":"https:\/\/www.arena-events.fr\/?page_id=1380"},"modified":"2021-09-30T10:40:39","modified_gmt":"2021-09-30T08:40:39","slug":"annecy","status":"publish","type":"page","link":"https:\/\/www.arena-events.fr\/fr\/accueil\/evenements-dentreprises\/seminaires-conventions\/annecy\/","title":{"rendered":"Annecy"},"content":{"rendered":"\t\t<div data-elementor-type=\"wp-page\" data-elementor-id=\"1380\" class=\"elementor elementor-1380\" data-elementor-post-type=\"page\">\n\t\t\t\t\t\t<section class=\"elementor-section elementor-top-section elementor-element elementor-element-3d66090c elementor-section-boxed elementor-section-height-default elementor-section-height-default\" data-id=\"3d66090c\" data-element_type=\"section\" data-e-type=\"section\" data-settings=\"{&quot;background_background&quot;:&quot;classic&quot;}\">\n\t\t\t\t\t\t<div class=\"elementor-container elementor-column-gap-no\">\n\t\t\t\t\t<div class=\"elementor-column elementor-col-100 elementor-top-column elementor-element elementor-element-1c58e388\" data-id=\"1c58e388\" data-element_type=\"column\" data-e-type=\"column\">\n\t\t\t<div class=\"elementor-widget-wrap elementor-element-populated\">\n\t\t\t\t\t\t<section class=\"elementor-section elementor-inner-section elementor-element elementor-element-57978c92 elementor-section-full_width elementor-section-height-default elementor-section-height-default\" data-id=\"57978c92\" data-element_type=\"section\" data-e-type=\"section\">\n\t\t\t\t\t\t<div class=\"elementor-container elementor-column-gap-wider\">\n\t\t\t\t\t<div class=\"elementor-column elementor-col-33 elementor-inner-column elementor-element elementor-element-10b83834\" data-id=\"10b83834\" data-element_type=\"column\" data-e-type=\"column\">\n\t\t\t<div class=\"elementor-widget-wrap\">\n\t\t\t\t\t\t\t<\/div>\n\t\t<\/div>\n\t\t\t\t<div class=\"elementor-column elementor-col-33 elementor-inner-column elementor-element elementor-element-bd9b83a\" data-id=\"bd9b83a\" data-element_type=\"column\" data-e-type=\"column\">\n\t\t\t<div class=\"elementor-widget-wrap elementor-element-populated\">\n\t\t\t\t\t\t<div class=\"elementor-element elementor-element-5b3698bf elementor-widget__width-auto de_scroll_animation_no elementor-widget elementor-widget-heading\" data-id=\"5b3698bf\" data-element_type=\"widget\" data-e-type=\"widget\" data-widget_type=\"heading.default\">\n\t\t\t\t<div class=\"elementor-widget-container\">\n\t\t\t\t\t<div class=\"elementor-heading-title elementor-size-default\">S\u00e9minaire<\/div>\t\t\t\t<\/div>\n\t\t\t\t<\/div>\n\t\t\t\t<div class=\"elementor-element elementor-element-47d79b66 elementor-headline--style-rotate elementor-widget__width-auto de_scroll_animation_no elementor-widget elementor-widget-animated-headline\" data-id=\"47d79b66\" data-element_type=\"widget\" data-e-type=\"widget\" data-settings=\"{&quot;headline_style&quot;:&quot;rotate&quot;,&quot;animation_type&quot;:&quot;blinds&quot;,&quot;rotating_text&quot;:&quot;\\u2014\\n\\u2014&quot;,&quot;loop&quot;:&quot;yes&quot;,&quot;rotate_iteration_delay&quot;:2500}\" data-widget_type=\"animated-headline.default\">\n\t\t\t\t<div class=\"elementor-widget-container\">\n\t\t\t\t\t\t\t<div class=\"elementor-headline elementor-headline-animation-type-blinds elementor-headline-letters\">\n\t\t\t\t<span class=\"elementor-headline-dynamic-wrapper elementor-headline-text-wrapper\">\n\t\t\t\t\t<span class=\"elementor-headline-dynamic-text elementor-headline-text-active\">\n\t\t\t\t\u2014\t\t\t<\/span>\n\t\t\t\t\t<span class=\"elementor-headline-dynamic-text\">\n\t\t\t\t\u2014\t\t\t<\/span>\n\t\t\t\t\t\t<\/span>\n\t\t\t\t<\/div>\n\t\t\t\t\t\t<\/div>\n\t\t\t\t<\/div>\n\t\t\t\t<div class=\"elementor-element elementor-element-e69a9e7 de_scroll_animation_no elementor-invisible elementor-widget elementor-widget-heading\" data-id=\"e69a9e7\" data-element_type=\"widget\" data-e-type=\"widget\" data-settings=\"{&quot;_animation&quot;:&quot;fadeInDown&quot;}\" data-widget_type=\"heading.default\">\n\t\t\t\t<div class=\"elementor-widget-container\">\n\t\t\t\t\t<h2 class=\"elementor-heading-title elementor-size-default\">Annecy<\/h2>\t\t\t\t<\/div>\n\t\t\t\t<\/div>\n\t\t\t\t\t<\/div>\n\t\t<\/div>\n\t\t\t\t<div class=\"elementor-column elementor-col-33 elementor-inner-column elementor-element elementor-element-1355d660\" data-id=\"1355d660\" data-element_type=\"column\" data-e-type=\"column\">\n\t\t\t<div class=\"elementor-widget-wrap\">\n\t\t\t\t\t\t\t<\/div>\n\t\t<\/div>\n\t\t\t\t\t<\/div>\n\t\t<\/section>\n\t\t\t\t<section class=\"elementor-section elementor-inner-section elementor-element elementor-element-25e2078e elementor-section-boxed elementor-section-height-default elementor-section-height-default\" data-id=\"25e2078e\" data-element_type=\"section\" data-e-type=\"section\">\n\t\t\t\t\t\t<div class=\"elementor-container elementor-column-gap-wider\">\n\t\t\t\t\t<div class=\"elementor-column elementor-col-100 elementor-inner-column elementor-element elementor-element-3c346818\" data-id=\"3c346818\" data-element_type=\"column\" data-e-type=\"column\">\n\t\t\t<div class=\"elementor-widget-wrap elementor-element-populated\">\n\t\t\t\t\t\t<div class=\"elementor-element elementor-element-588df318 de_scroll_animation_no elementor-widget elementor-widget-image\" data-id=\"588df318\" data-element_type=\"widget\" data-e-type=\"widget\" data-settings=\"{&quot;motion_fx_motion_fx_scrolling&quot;:&quot;yes&quot;,&quot;motion_fx_scale_effect&quot;:&quot;yes&quot;,&quot;motion_fx_scale_direction&quot;:&quot;in-out-in&quot;,&quot;motion_fx_scale_speed&quot;:{&quot;unit&quot;:&quot;px&quot;,&quot;size&quot;:&quot;1&quot;,&quot;sizes&quot;:[]},&quot;motion_fx_scale_range&quot;:{&quot;unit&quot;:&quot;%&quot;,&quot;size&quot;:&quot;&quot;,&quot;sizes&quot;:{&quot;start&quot;:&quot;32&quot;,&quot;end&quot;:&quot;100&quot;}},&quot;motion_fx_devices&quot;:[&quot;desktop&quot;,&quot;tablet&quot;,&quot;mobile&quot;]}\" data-widget_type=\"image.default\">\n\t\t\t\t<div class=\"elementor-widget-container\">\n\t\t\t\t\t\t\t\t\t\t\t\t\t\t\t<img fetchpriority=\"high\" decoding=\"async\" width=\"800\" height=\"800\" src=\"https:\/\/www.arena-events.fr\/wp-content\/uploads\/2021\/09\/Se\u0301minaire-Annecy-2-1024x1024.png\" class=\"attachment-large size-large wp-image-1383\" alt=\"\" srcset=\"https:\/\/www.arena-events.fr\/wp-content\/uploads\/2021\/09\/Se\u0301minaire-Annecy-2-1024x1024.png 1024w, https:\/\/www.arena-events.fr\/wp-content\/uploads\/2021\/09\/Se\u0301minaire-Annecy-2-300x300.png 300w, https:\/\/www.arena-events.fr\/wp-content\/uploads\/2021\/09\/Se\u0301minaire-Annecy-2-150x150.png 150w, https:\/\/www.arena-events.fr\/wp-content\/uploads\/2021\/09\/Se\u0301minaire-Annecy-2-768x768.png 768w, https:\/\/www.arena-events.fr\/wp-content\/uploads\/2021\/09\/Se\u0301minaire-Annecy-2-12x12.png 12w, https:\/\/www.arena-events.fr\/wp-content\/uploads\/2021\/09\/Se\u0301minaire-Annecy-2.png 1080w\" sizes=\"(max-width: 800px) 100vw, 800px\" \/>\t\t\t\t\t\t\t\t\t\t\t\t\t\t\t<\/div>\n\t\t\t\t<\/div>\n\t\t\t\t<div class=\"elementor-element elementor-element-56751093 de_scroll_animation_no elementor-widget elementor-widget-image\" data-id=\"56751093\" data-element_type=\"widget\" data-e-type=\"widget\" data-settings=\"{&quot;motion_fx_motion_fx_scrolling&quot;:&quot;yes&quot;,&quot;motion_fx_scale_effect&quot;:&quot;yes&quot;,&quot;motion_fx_scale_direction&quot;:&quot;out-in-out&quot;,&quot;motion_fx_scale_speed&quot;:{&quot;unit&quot;:&quot;px&quot;,&quot;size&quot;:&quot;1&quot;,&quot;sizes&quot;:[]},&quot;motion_fx_scale_range&quot;:{&quot;unit&quot;:&quot;%&quot;,&quot;size&quot;:&quot;&quot;,&quot;sizes&quot;:{&quot;start&quot;:&quot;51&quot;,&quot;end&quot;:&quot;99&quot;}},&quot;motion_fx_devices&quot;:[&quot;desktop&quot;,&quot;tablet&quot;,&quot;mobile&quot;]}\" data-widget_type=\"image.default\">\n\t\t\t\t<div class=\"elementor-widget-container\">\n\t\t\t\t\t\t\t\t\t\t\t\t\t\t\t<img decoding=\"async\" width=\"1080\" height=\"1080\" src=\"https:\/\/www.arena-events.fr\/wp-content\/uploads\/2021\/09\/Se\u0301minaire-Annecy-3.png\" class=\"attachment-full size-full wp-image-1391\" alt=\"\" srcset=\"https:\/\/www.arena-events.fr\/wp-content\/uploads\/2021\/09\/Se\u0301minaire-Annecy-3.png 1080w, https:\/\/www.arena-events.fr\/wp-content\/uploads\/2021\/09\/Se\u0301minaire-Annecy-3-300x300.png 300w, https:\/\/www.arena-events.fr\/wp-content\/uploads\/2021\/09\/Se\u0301minaire-Annecy-3-1024x1024.png 1024w, https:\/\/www.arena-events.fr\/wp-content\/uploads\/2021\/09\/Se\u0301minaire-Annecy-3-150x150.png 150w, https:\/\/www.arena-events.fr\/wp-content\/uploads\/2021\/09\/Se\u0301minaire-Annecy-3-768x768.png 768w, https:\/\/www.arena-events.fr\/wp-content\/uploads\/2021\/09\/Se\u0301minaire-Annecy-3-12x12.png 12w\" sizes=\"(max-width: 1080px) 100vw, 1080px\" \/>\t\t\t\t\t\t\t\t\t\t\t\t\t\t\t<\/div>\n\t\t\t\t<\/div>\n\t\t\t\t\t<\/div>\n\t\t<\/div>\n\t\t\t\t\t<\/div>\n\t\t<\/section>\n\t\t\t\t<section class=\"elementor-section elementor-inner-section elementor-element elementor-element-e8c920 elementor-section-boxed elementor-section-height-default elementor-section-height-default\" data-id=\"e8c920\" data-element_type=\"section\" data-e-type=\"section\">\n\t\t\t\t\t\t<div class=\"elementor-container elementor-column-gap-wider\">\n\t\t\t\t\t<div class=\"elementor-column elementor-col-33 elementor-inner-column elementor-element elementor-element-781c9e71\" data-id=\"781c9e71\" data-element_type=\"column\" data-e-type=\"column\">\n\t\t\t<div class=\"elementor-widget-wrap elementor-element-populated\">\n\t\t\t\t\t\t<div class=\"elementor-element elementor-element-1aada544 de_scroll_animation_no elementor-invisible elementor-widget elementor-widget-heading\" data-id=\"1aada544\" data-element_type=\"widget\" data-e-type=\"widget\" data-settings=\"{&quot;_animation&quot;:&quot;fadeInDown&quot;}\" data-widget_type=\"heading.default\">\n\t\t\t\t<div class=\"elementor-widget-container\">\n\t\t\t\t\t<h3 class=\"elementor-heading-title elementor-size-default\">Un s\u00e9minaire entre lac et montagnes<\/h3>\t\t\t\t<\/div>\n\t\t\t\t<\/div>\n\t\t\t\t<div class=\"elementor-element elementor-element-54199a3a de_scroll_animation_no elementor-widget elementor-widget-text-editor\" data-id=\"54199a3a\" data-element_type=\"widget\" data-e-type=\"widget\" data-widget_type=\"text-editor.default\">\n\t\t\t\t<div class=\"elementor-widget-container\">\n\t\t\t\t\t\t\t\t\t<p>Nos clients se sont retrouv\u00e9s en Haute Savoie, \u00e0 Annecy, \u00e0 l\u2019occasion de leur s\u00e9minaire de rentr\u00e9e.<br \/>Un s\u00e9minaire en plein air marqu\u00e9 par de magnifiques paysages entre lac et montagne.<\/p><p>Au programme: une belle journ\u00e9e vtt avec d\u00e9jeuner en haut des montagnes. Et apr\u00e8s l\u2019effort, le r\u00e9confort! Nos clients ont pu admirer les imposants paysages de la Haute Savoie gr\u00e2ce \u00e0 une excursion en bateau sur le lac. Pour cl\u00f4turer, une soir\u00e9e exceptionnelle \u00e0 l\u2019Imperial Palace, l\u2019h\u00f4tel 4* qui surplombe le lac d\u2019Annecy et o\u00f9 nos client se sont logeaient durant leur s\u00e9jour.<\/p>\t\t\t\t\t\t\t\t<\/div>\n\t\t\t\t<\/div>\n\t\t\t\t\t<\/div>\n\t\t<\/div>\n\t\t\t\t<div class=\"elementor-column elementor-col-33 elementor-inner-column elementor-element elementor-element-1a028cbd\" data-id=\"1a028cbd\" data-element_type=\"column\" data-e-type=\"column\">\n\t\t\t<div class=\"elementor-widget-wrap\">\n\t\t\t\t\t\t\t<\/div>\n\t\t<\/div>\n\t\t\t\t<div class=\"elementor-column elementor-col-33 elementor-inner-column elementor-element elementor-element-4b9c8a43\" data-id=\"4b9c8a43\" data-element_type=\"column\" data-e-type=\"column\">\n\t\t\t<div class=\"elementor-widget-wrap elementor-element-populated\">\n\t\t\t\t\t\t<div class=\"elementor-element elementor-element-5537f96 elementor-widget__width-initial elementor-widget-mobile__width-initial de_scroll_animation_no elementor-widget elementor-widget-heading\" data-id=\"5537f96\" data-element_type=\"widget\" data-e-type=\"widget\" data-widget_type=\"heading.default\">\n\t\t\t\t<div class=\"elementor-widget-container\">\n\t\t\t\t\t<span class=\"elementor-heading-title elementor-size-default\">Lieu<\/span>\t\t\t\t<\/div>\n\t\t\t\t<\/div>\n\t\t\t\t<div class=\"elementor-element elementor-element-303bc154 elementor-widget__width-initial elementor-widget-tablet__width-initial elementor-widget-mobile__width-initial de_scroll_animation_no elementor-widget elementor-widget-heading\" data-id=\"303bc154\" data-element_type=\"widget\" data-e-type=\"widget\" data-widget_type=\"heading.default\">\n\t\t\t\t<div class=\"elementor-widget-container\">\n\t\t\t\t\t<span class=\"elementor-heading-title elementor-size-default\">Annecy, Haute Savoie<\/span>\t\t\t\t<\/div>\n\t\t\t\t<\/div>\n\t\t\t\t<div class=\"elementor-element elementor-element-2f0a7641 elementor-widget-divider--view-line de_scroll_animation_no elementor-widget elementor-widget-divider\" data-id=\"2f0a7641\" data-element_type=\"widget\" data-e-type=\"widget\" data-widget_type=\"divider.default\">\n\t\t\t\t<div class=\"elementor-widget-container\">\n\t\t\t\t\t\t\t<div class=\"elementor-divider\">\n\t\t\t<span class=\"elementor-divider-separator\">\n\t\t\t\t\t\t<\/span>\n\t\t<\/div>\n\t\t\t\t\t\t<\/div>\n\t\t\t\t<\/div>\n\t\t\t\t<div class=\"elementor-element elementor-element-33a22077 elementor-widget__width-initial elementor-widget-mobile__width-initial de_scroll_animation_no elementor-widget elementor-widget-heading\" data-id=\"33a22077\" data-element_type=\"widget\" data-e-type=\"widget\" data-widget_type=\"heading.default\">\n\t\t\t\t<div class=\"elementor-widget-container\">\n\t\t\t\t\t<span class=\"elementor-heading-title elementor-size-default\">Nombre<\/span>\t\t\t\t<\/div>\n\t\t\t\t<\/div>\n\t\t\t\t<div class=\"elementor-element elementor-element-15ab70d8 elementor-widget__width-initial elementor-widget-tablet__width-initial elementor-widget-mobile__width-initial de_scroll_animation_no elementor-widget elementor-widget-heading\" data-id=\"15ab70d8\" data-element_type=\"widget\" data-e-type=\"widget\" data-widget_type=\"heading.default\">\n\t\t\t\t<div class=\"elementor-widget-container\">\n\t\t\t\t\t<span class=\"elementor-heading-title elementor-size-default\">30 personnes<\/span>\t\t\t\t<\/div>\n\t\t\t\t<\/div>\n\t\t\t\t<div class=\"elementor-element elementor-element-58d4b7d1 elementor-widget-divider--view-line de_scroll_animation_no elementor-widget elementor-widget-divider\" data-id=\"58d4b7d1\" data-element_type=\"widget\" data-e-type=\"widget\" data-widget_type=\"divider.default\">\n\t\t\t\t<div class=\"elementor-widget-container\">\n\t\t\t\t\t\t\t<div class=\"elementor-divider\">\n\t\t\t<span class=\"elementor-divider-separator\">\n\t\t\t\t\t\t<\/span>\n\t\t<\/div>\n\t\t\t\t\t\t<\/div>\n\t\t\t\t<\/div>\n\t\t\t\t<div class=\"elementor-element elementor-element-714be961 elementor-widget__width-initial de_scroll_animation_no elementor-widget elementor-widget-heading\" data-id=\"714be961\" data-element_type=\"widget\" data-e-type=\"widget\" data-widget_type=\"heading.default\">\n\t\t\t\t<div class=\"elementor-widget-container\">\n\t\t\t\t\t<span class=\"elementor-heading-title elementor-size-default\">Activit\u00e9s<\/span>\t\t\t\t<\/div>\n\t\t\t\t<\/div>\n\t\t\t\t<div class=\"elementor-element elementor-element-45b3c533 elementor-widget__width-initial elementor-widget-tablet__width-initial elementor-widget-mobile__width-initial de_scroll_animation_no elementor-widget elementor-widget-heading\" data-id=\"45b3c533\" data-element_type=\"widget\" data-e-type=\"widget\" data-widget_type=\"heading.default\">\n\t\t\t\t<div class=\"elementor-widget-container\">\n\t\t\t\t\t<span class=\"elementor-heading-title elementor-size-default\">Vtt<br>\nBalade sur le lac<br>\nSoir\u00e9e d'exception<\/span>\t\t\t\t<\/div>\n\t\t\t\t<\/div>\n\t\t\t\t\t<\/div>\n\t\t<\/div>\n\t\t\t\t\t<\/div>\n\t\t<\/section>\n\t\t\t\t\t<\/div>\n\t\t<\/div>\n\t\t\t\t\t<\/div>\n\t\t<\/section>\n\t\t\t\t<section class=\"elementor-section elementor-top-section elementor-element elementor-element-4ffc27e7 elementor-section-content-middle elementor-section-boxed elementor-section-height-default elementor-section-height-default\" data-id=\"4ffc27e7\" data-element_type=\"section\" data-e-type=\"section\">\n\t\t\t\t\t\t<div class=\"elementor-container elementor-column-gap-wider\">\n\t\t\t\t\t<div class=\"elementor-column elementor-col-100 elementor-top-column elementor-element elementor-element-64478e1e\" data-id=\"64478e1e\" data-element_type=\"column\" data-e-type=\"column\">\n\t\t\t<div class=\"elementor-widget-wrap elementor-element-populated\">\n\t\t\t\t\t\t<div class=\"elementor-element elementor-element-1ecf313e de_scroll_animation_no elementor-widget elementor-widget-gallery\" data-id=\"1ecf313e\" data-element_type=\"widget\" data-e-type=\"widget\" data-settings=\"{&quot;gallery_layout&quot;:&quot;masonry&quot;,&quot;columns&quot;:3,&quot;gap&quot;:{&quot;unit&quot;:&quot;px&quot;,&quot;size&quot;:30,&quot;sizes&quot;:[]},&quot;lazyload&quot;:&quot;yes&quot;,&quot;columns_tablet&quot;:2,&quot;columns_mobile&quot;:1,&quot;gap_tablet&quot;:{&quot;unit&quot;:&quot;px&quot;,&quot;size&quot;:10,&quot;sizes&quot;:[]},&quot;gap_mobile&quot;:{&quot;unit&quot;:&quot;px&quot;,&quot;size&quot;:10,&quot;sizes&quot;:[]},&quot;link_to&quot;:&quot;file&quot;,&quot;overlay_background&quot;:&quot;yes&quot;,&quot;content_hover_animation&quot;:&quot;fade-in&quot;}\" data-widget_type=\"gallery.default\">\n\t\t\t\t<div class=\"elementor-widget-container\">\n\t\t\t\t\t\t\t<div class=\"elementor-gallery__container\">\n\t\t\t\t\t\t\t<a class=\"e-gallery-item elementor-gallery-item elementor-animated-content\" href=\"https:\/\/www.arena-events.fr\/wp-content\/uploads\/2021\/09\/WhatsApp-Image-2021-09-23-at-16.08.09.jpeg\" data-elementor-open-lightbox=\"yes\" data-elementor-lightbox-slideshow=\"1ecf313e\" data-elementor-lightbox-title=\"WhatsApp Image 2021-09-23 at 16.08.09\" data-e-action-hash=\"#elementor-action%3Aaction%3Dlightbox%26settings%3DeyJpZCI6MTM4OCwidXJsIjoiaHR0cHM6XC9cL3d3dy5hcmVuYS1ldmVudHMuZnJcL3dwLWNvbnRlbnRcL3VwbG9hZHNcLzIwMjFcLzA5XC9XaGF0c0FwcC1JbWFnZS0yMDIxLTA5LTIzLWF0LTE2LjA4LjA5LmpwZWciLCJzbGlkZXNob3ciOiIxZWNmMzEzZSJ9\">\n\t\t\t\t\t<div class=\"e-gallery-image elementor-gallery-item__image\" data-thumbnail=\"https:\/\/www.arena-events.fr\/wp-content\/uploads\/2021\/09\/WhatsApp-Image-2021-09-23-at-16.08.09.jpeg\" data-width=\"1024\" data-height=\"686\" aria-label=\"\" role=\"img\" ><\/div>\n\t\t\t\t\t\t\t\t\t\t\t<div class=\"elementor-gallery-item__overlay\"><\/div>\n\t\t\t\t\t\t\t\t\t\t\t\t\t\t<\/a>\n\t\t\t\t\t\t\t<a class=\"e-gallery-item elementor-gallery-item elementor-animated-content\" href=\"https:\/\/www.arena-events.fr\/wp-content\/uploads\/2021\/09\/WhatsApp-Image-2021-09-23-at-15.20.36-1.jpeg\" data-elementor-open-lightbox=\"yes\" data-elementor-lightbox-slideshow=\"1ecf313e\" data-elementor-lightbox-title=\"WhatsApp Image 2021-09-23 at 15.20.36 (1)\" data-e-action-hash=\"#elementor-action%3Aaction%3Dlightbox%26settings%3DeyJpZCI6MTM4NCwidXJsIjoiaHR0cHM6XC9cL3d3dy5hcmVuYS1ldmVudHMuZnJcL3dwLWNvbnRlbnRcL3VwbG9hZHNcLzIwMjFcLzA5XC9XaGF0c0FwcC1JbWFnZS0yMDIxLTA5LTIzLWF0LTE1LjIwLjM2LTEuanBlZyIsInNsaWRlc2hvdyI6IjFlY2YzMTNlIn0%3D\">\n\t\t\t\t\t<div class=\"e-gallery-image elementor-gallery-item__image\" data-thumbnail=\"https:\/\/www.arena-events.fr\/wp-content\/uploads\/2021\/09\/WhatsApp-Image-2021-09-23-at-15.20.36-1.jpeg\" data-width=\"1536\" data-height=\"2048\" aria-label=\"\" role=\"img\" ><\/div>\n\t\t\t\t\t\t\t\t\t\t\t<div class=\"elementor-gallery-item__overlay\"><\/div>\n\t\t\t\t\t\t\t\t\t\t\t\t\t\t<\/a>\n\t\t\t\t\t\t\t<a class=\"e-gallery-item elementor-gallery-item elementor-animated-content\" href=\"https:\/\/www.arena-events.fr\/wp-content\/uploads\/2021\/09\/WhatsApp-Image-2021-09-23-at-15.20.48-1.jpeg\" data-elementor-open-lightbox=\"yes\" data-elementor-lightbox-slideshow=\"1ecf313e\" data-elementor-lightbox-title=\"WhatsApp Image 2021-09-23 at 15.20.48 (1)\" data-e-action-hash=\"#elementor-action%3Aaction%3Dlightbox%26settings%3DeyJpZCI6MTM5MCwidXJsIjoiaHR0cHM6XC9cL3d3dy5hcmVuYS1ldmVudHMuZnJcL3dwLWNvbnRlbnRcL3VwbG9hZHNcLzIwMjFcLzA5XC9XaGF0c0FwcC1JbWFnZS0yMDIxLTA5LTIzLWF0LTE1LjIwLjQ4LTEuanBlZyIsInNsaWRlc2hvdyI6IjFlY2YzMTNlIn0%3D\">\n\t\t\t\t\t<div class=\"e-gallery-image elementor-gallery-item__image\" data-thumbnail=\"https:\/\/www.arena-events.fr\/wp-content\/uploads\/2021\/09\/WhatsApp-Image-2021-09-23-at-15.20.48-1.jpeg\" data-width=\"2048\" data-height=\"1536\" aria-label=\"\" role=\"img\" ><\/div>\n\t\t\t\t\t\t\t\t\t\t\t<div class=\"elementor-gallery-item__overlay\"><\/div>\n\t\t\t\t\t\t\t\t\t\t\t\t\t\t<\/a>\n\t\t\t\t\t\t\t<a class=\"e-gallery-item elementor-gallery-item elementor-animated-content\" href=\"https:\/\/www.arena-events.fr\/wp-content\/uploads\/2021\/09\/WhatsApp-Image-2021-09-23-at-15.20.44.jpeg\" data-elementor-open-lightbox=\"yes\" data-elementor-lightbox-slideshow=\"1ecf313e\" data-elementor-lightbox-title=\"WhatsApp Image 2021-09-23 at 15.20.44\" data-e-action-hash=\"#elementor-action%3Aaction%3Dlightbox%26settings%3DeyJpZCI6MTM4NiwidXJsIjoiaHR0cHM6XC9cL3d3dy5hcmVuYS1ldmVudHMuZnJcL3dwLWNvbnRlbnRcL3VwbG9hZHNcLzIwMjFcLzA5XC9XaGF0c0FwcC1JbWFnZS0yMDIxLTA5LTIzLWF0LTE1LjIwLjQ0LmpwZWciLCJzbGlkZXNob3ciOiIxZWNmMzEzZSJ9\">\n\t\t\t\t\t<div class=\"e-gallery-image elementor-gallery-item__image\" data-thumbnail=\"https:\/\/www.arena-events.fr\/wp-content\/uploads\/2021\/09\/WhatsApp-Image-2021-09-23-at-15.20.44.jpeg\" data-width=\"1536\" data-height=\"2048\" aria-label=\"\" role=\"img\" ><\/div>\n\t\t\t\t\t\t\t\t\t\t\t<div class=\"elementor-gallery-item__overlay\"><\/div>\n\t\t\t\t\t\t\t\t\t\t\t\t\t\t<\/a>\n\t\t\t\t\t\t\t<a class=\"e-gallery-item elementor-gallery-item elementor-animated-content\" href=\"https:\/\/www.arena-events.fr\/wp-content\/uploads\/2021\/09\/WhatsApp-Image-2021-09-23-at-15.20.37-1.jpeg\" data-elementor-open-lightbox=\"yes\" data-elementor-lightbox-slideshow=\"1ecf313e\" data-elementor-lightbox-title=\"WhatsApp Image 2021-09-23 at 15.20.37 (1)\" data-e-action-hash=\"#elementor-action%3Aaction%3Dlightbox%26settings%3DeyJpZCI6MTM4OSwidXJsIjoiaHR0cHM6XC9cL3d3dy5hcmVuYS1ldmVudHMuZnJcL3dwLWNvbnRlbnRcL3VwbG9hZHNcLzIwMjFcLzA5XC9XaGF0c0FwcC1JbWFnZS0yMDIxLTA5LTIzLWF0LTE1LjIwLjM3LTEuanBlZyIsInNsaWRlc2hvdyI6IjFlY2YzMTNlIn0%3D\">\n\t\t\t\t\t<div class=\"e-gallery-image elementor-gallery-item__image\" data-thumbnail=\"https:\/\/www.arena-events.fr\/wp-content\/uploads\/2021\/09\/WhatsApp-Image-2021-09-23-at-15.20.37-1.jpeg\" data-width=\"2048\" data-height=\"1536\" aria-label=\"\" role=\"img\" ><\/div>\n\t\t\t\t\t\t\t\t\t\t\t<div class=\"elementor-gallery-item__overlay\"><\/div>\n\t\t\t\t\t\t\t\t\t\t\t\t\t\t<\/a>\n\t\t\t\t\t\t\t<a class=\"e-gallery-item elementor-gallery-item elementor-animated-content\" href=\"https:\/\/www.arena-events.fr\/wp-content\/uploads\/2021\/09\/WhatsApp-Image-2021-09-23-at-15.20.36-2.jpeg\" data-elementor-open-lightbox=\"yes\" data-elementor-lightbox-slideshow=\"1ecf313e\" data-elementor-lightbox-title=\"WhatsApp Image 2021-09-23 at 15.20.36 (2)\" data-e-action-hash=\"#elementor-action%3Aaction%3Dlightbox%26settings%3DeyJpZCI6MTM4NSwidXJsIjoiaHR0cHM6XC9cL3d3dy5hcmVuYS1ldmVudHMuZnJcL3dwLWNvbnRlbnRcL3VwbG9hZHNcLzIwMjFcLzA5XC9XaGF0c0FwcC1JbWFnZS0yMDIxLTA5LTIzLWF0LTE1LjIwLjM2LTIuanBlZyIsInNsaWRlc2hvdyI6IjFlY2YzMTNlIn0%3D\">\n\t\t\t\t\t<div class=\"e-gallery-image elementor-gallery-item__image\" data-thumbnail=\"https:\/\/www.arena-events.fr\/wp-content\/uploads\/2021\/09\/WhatsApp-Image-2021-09-23-at-15.20.36-2.jpeg\" data-width=\"2048\" data-height=\"1536\" aria-label=\"\" role=\"img\" ><\/div>\n\t\t\t\t\t\t\t\t\t\t\t<div class=\"elementor-gallery-item__overlay\"><\/div>\n\t\t\t\t\t\t\t\t\t\t\t\t\t\t<\/a>\n\t\t\t\t\t<\/div>\n\t\t\t\t\t<\/div>\n\t\t\t\t<\/div>\n\t\t\t\t\t<\/div>\n\t\t<\/div>\n\t\t\t\t\t<\/div>\n\t\t<\/section>\n\t\t\t\t<section class=\"elementor-section elementor-top-section elementor-element elementor-element-b793d74 elementor-section-boxed elementor-section-height-default elementor-section-height-default\" data-id=\"b793d74\" data-element_type=\"section\" data-e-type=\"section\">\n\t\t\t\t\t\t<div class=\"elementor-container elementor-column-gap-default\">\n\t\t\t\t\t<div class=\"elementor-column elementor-col-100 elementor-top-column elementor-element elementor-element-470cbd7c\" data-id=\"470cbd7c\" data-element_type=\"column\" data-e-type=\"column\">\n\t\t\t<div class=\"elementor-widget-wrap elementor-element-populated\">\n\t\t\t\t\t\t<div class=\"elementor-element elementor-element-11cf5e07 elementor-align-center de_scroll_animation_no elementor-widget elementor-widget-button\" data-id=\"11cf5e07\" data-element_type=\"widget\" data-e-type=\"widget\" data-widget_type=\"button.default\">\n\t\t\t\t<div class=\"elementor-widget-container\">\n\t\t\t\t\t\t\t\t\t<div class=\"elementor-button-wrapper\">\n\t\t\t\t\t<a class=\"elementor-button elementor-button-link elementor-size-lg\" href=\"https:\/\/www.arena-events.fr\/accueil\/evenements-dentreprises\/\">\n\t\t\t\t\t\t<span class=\"elementor-button-content-wrapper\">\n\t\t\t\t\t\t<span class=\"elementor-button-icon\">\n\t\t\t\t<i aria-hidden=\"true\" class=\"dticon dticon-arrow-back-outline\"><\/i>\t\t\t<\/span>\n\t\t\t\t\t\t\t\t\t<span class=\"elementor-button-text\">REVENIR AUX \u00c9V\u00c9NEMENTS<\/span>\n\t\t\t\t\t<\/span>\n\t\t\t\t\t<\/a>\n\t\t\t\t<\/div>\n\t\t\t\t\t\t\t\t<\/div>\n\t\t\t\t<\/div>\n\t\t\t\t\t<\/div>\n\t\t<\/div>\n\t\t\t\t\t<\/div>\n\t\t<\/section>\n\t\t\t\t<\/div>\n\t\t","protected":false},"excerpt":{"rendered":"<p>S\u00e9minaire \u2014 \u2014 Annecy Un s\u00e9minaire entre lac et montagnes Nos clients se sont retrouv\u00e9s en Haute Savoie, \u00e0 Annecy, \u00e0 l\u2019occasion de leur s\u00e9minaire de rentr\u00e9e.Un s\u00e9minaire en plein air marqu\u00e9 par de magnifiques paysages entre lac et montagne. Au programme: une belle journ\u00e9e vtt avec d\u00e9jeuner en haut des montagnes. Et apr\u00e8s l\u2019effort, [&hellip;]<\/p>\n","protected":false},"author":2,"featured_media":0,"parent":400,"menu_order":1,"comment_status":"closed","ping_status":"closed","template":"","meta":{"footnotes":""},"class_list":["post-1380","page","type-page","status-publish","hentry"],"_links":{"self":[{"href":"https:\/\/www.arena-events.fr\/fr\/wp-json\/wp\/v2\/pages\/1380","targetHints":{"allow":["GET"]}}],"collection":[{"href":"https:\/\/www.arena-events.fr\/fr\/wp-json\/wp\/v2\/pages"}],"about":[{"href":"https:\/\/www.arena-events.fr\/fr\/wp-json\/wp\/v2\/types\/page"}],"author":[{"embeddable":true,"href":"https:\/\/www.arena-events.fr\/fr\/wp-json\/wp\/v2\/users\/2"}],"replies":[{"embeddable":true,"href":"https:\/\/www.arena-events.fr\/fr\/wp-json\/wp\/v2\/comments?post=1380"}],"version-history":[{"count":13,"href":"https:\/\/www.arena-events.fr\/fr\/wp-json\/wp\/v2\/pages\/1380\/revisions"}],"predecessor-version":[{"id":1406,"href":"https:\/\/www.arena-events.fr\/fr\/wp-json\/wp\/v2\/pages\/1380\/revisions\/1406"}],"up":[{"embeddable":true,"href":"https:\/\/www.arena-events.fr\/fr\/wp-json\/wp\/v2\/pages\/400"}],"wp:attachment":[{"href":"https:\/\/www.arena-events.fr\/fr\/wp-json\/wp\/v2\/media?parent=1380"}],"curies":[{"name":"wp","href":"https:\/\/api.w.org\/{rel}","templated":true}]}}