{"id":11,"date":"2021-03-15T09:49:11","date_gmt":"2021-03-15T08:49:11","guid":{"rendered":"https:\/\/www.arena-events.fr\/?page_id=11"},"modified":"2021-05-16T17:29:46","modified_gmt":"2021-05-16T15:29:46","slug":"accueil","status":"publish","type":"page","link":"https:\/\/www.arena-events.fr\/es\/","title":{"rendered":"Accueil"},"content":{"rendered":"<div data-elementor-type=\"wp-page\" data-elementor-id=\"11\" class=\"elementor elementor-11\" data-elementor-post-type=\"page\">\n\t\t\t\t\t\t<section class=\"elementor-section elementor-top-section elementor-element elementor-element-aba0797 elementor-section-full_width elementor-section-height-min-height elementor-section-height-default elementor-section-items-middle\" data-id=\"aba0797\" data-element_type=\"section\" data-e-type=\"section\">\n\t\t\t\t\t\t<div class=\"elementor-container elementor-column-gap-default\">\n\t\t\t\t\t<div class=\"elementor-column elementor-col-100 elementor-top-column elementor-element elementor-element-9f75789\" data-id=\"9f75789\" data-element_type=\"column\" data-e-type=\"column\">\n\t\t\t<div class=\"elementor-widget-wrap elementor-element-populated\">\n\t\t\t\t\t\t<div class=\"elementor-element elementor-element-c2a113e elementor--h-position-center elementor--v-position-middle elementor-arrows-position-inside elementor-pagination-position-inside de_scroll_animation_no elementor-widget elementor-widget-slides\" data-id=\"c2a113e\" data-element_type=\"widget\" data-e-type=\"widget\" data-settings=\"{&quot;navigation&quot;:&quot;both&quot;,&quot;autoplay&quot;:&quot;yes&quot;,&quot;pause_on_hover&quot;:&quot;yes&quot;,&quot;pause_on_interaction&quot;:&quot;yes&quot;,&quot;autoplay_speed&quot;:5000,&quot;infinite&quot;:&quot;yes&quot;,&quot;transition&quot;:&quot;slide&quot;,&quot;transition_speed&quot;:500}\" data-widget_type=\"slides.default\">\n\t\t\t\t<div class=\"elementor-widget-container\">\n\t\t\t\t\t\t\t\t\t<div class=\"elementor-swiper\">\n\t\t\t\t\t<div class=\"elementor-slides-wrapper elementor-main-swiper swiper\" role=\"region\" aria-roledescription=\"carousel\" aria-label=\"Diapositives\" dir=\"ltr\" data-animation=\"fadeInUp\">\n\t\t\t\t<div class=\"swiper-wrapper elementor-slides\">\n\t\t\t\t\t\t\t\t\t\t<div class=\"elementor-repeater-item-a96259e swiper-slide\" role=\"group\" aria-roledescription=\"slide\"><div class=\"swiper-slide-bg elementor-ken-burns elementor-ken-burns--in\" role=\"img\" aria-label=\"entrepriseeee\"><\/div><div class=\"elementor-background-overlay\"><\/div><a class=\"swiper-slide-inner\" href=\"https:\/\/www.arena-events.fr\/es\/accueil\/evenements-dentreprises\/\"><div class=\"swiper-slide-contents\"><div class=\"elementor-slide-heading\">Eventos corporativos<\/div><div  class=\"elementor-button elementor-slide-button elementor-size-sm\">Leer m\u00e1s<\/div><\/div><\/a><\/div><div class=\"elementor-repeater-item-dd6ad36 swiper-slide\" role=\"group\" aria-roledescription=\"slide\"><div class=\"swiper-slide-bg elementor-ken-burns elementor-ken-burns--in\" role=\"img\" aria-label=\"sport\"><\/div><div class=\"elementor-background-overlay\"><\/div><a class=\"swiper-slide-inner\" href=\"https:\/\/www.arena-events.fr\/es\/accueil\/sports\/\"><div class=\"swiper-slide-contents\"><div class=\"elementor-slide-heading\">Deporte<\/div><div  class=\"elementor-button elementor-slide-button elementor-size-sm\">Leer m\u00e1s<\/div><\/div><\/a><\/div><div class=\"elementor-repeater-item-8b5ef7f swiper-slide\" role=\"group\" aria-roledescription=\"slide\"><div class=\"swiper-slide-bg elementor-ken-burns elementor-ken-burns--in\" role=\"img\" aria-label=\"abigail-lynn-rdmJc2Os4EM-unsplash\"><\/div><div class=\"elementor-background-overlay\"><\/div><a class=\"swiper-slide-inner\" href=\"https:\/\/www.arena-events.fr\/es\/accueil\/spectacles-festivals\/\"><div class=\"swiper-slide-contents\"><div class=\"elementor-slide-heading\">Festivales y Espect\u00e1culos<\/div><div  class=\"elementor-button elementor-slide-button elementor-size-sm\">Leer m\u00e1s<\/div><\/div><\/a><\/div><div class=\"elementor-repeater-item-389fc93 swiper-slide\" role=\"group\" aria-roledescription=\"slide\"><div class=\"swiper-slide-bg elementor-ken-burns elementor-ken-burns--in\" role=\"img\" aria-label=\"deplacement\"><\/div><div class=\"elementor-background-overlay\"><\/div><a class=\"swiper-slide-inner\" href=\"https:\/\/www.arena-events.fr\/es\/accueil\/deplacements-sportifs-professionnels\/\"><div class=\"swiper-slide-contents\"><div class=\"elementor-slide-heading\">Desplazamiento de clubes deportivos profesionales<\/div><div  class=\"elementor-button elementor-slide-button elementor-size-sm\">Leer m\u00e1s<\/div><\/div><\/a><\/div>\t\t\t\t<\/div>\n\t\t\t\t\t\t\t\t\t\t\t\t\t\t\t<div class=\"elementor-swiper-button elementor-swiper-button-prev\" role=\"button\" tabindex=\"0\" aria-label=\"Diapositive pr\u00e9c\u00e9dente\">\n\t\t\t\t\t\t\t<i aria-hidden=\"true\" class=\"eicon-chevron-left\"><\/i>\t\t\t\t\t\t<\/div>\n\t\t\t\t\t\t<div class=\"elementor-swiper-button elementor-swiper-button-next\" role=\"button\" tabindex=\"0\" aria-label=\"Diapositive suivante\">\n\t\t\t\t\t\t\t<i aria-hidden=\"true\" class=\"eicon-chevron-right\"><\/i>\t\t\t\t\t\t<\/div>\n\t\t\t\t\t\t\t\t\t\t\t\t\t\t\t\t<div class=\"swiper-pagination\"><\/div>\n\t\t\t\t\t\t\t\t\t\t\t\t<\/div>\n\t\t\t\t<\/div>\n\t\t\t\t\t\t\t\t<\/div>\n\t\t\t\t<\/div>\n\t\t\t\t\t<\/div>\n\t\t<\/div>\n\t\t\t\t\t<\/div>\n\t\t<\/section>\n\t\t\t\t<section class=\"elementor-section elementor-top-section elementor-element elementor-element-00f9758 elementor-section-boxed elementor-section-height-default elementor-section-height-default\" data-id=\"00f9758\" data-element_type=\"section\" data-e-type=\"section\">\n\t\t\t\t\t\t<div class=\"elementor-container elementor-column-gap-default\">\n\t\t\t\t\t<div class=\"elementor-column elementor-col-100 elementor-top-column elementor-element elementor-element-6d7fd5e\" data-id=\"6d7fd5e\" data-element_type=\"column\" data-e-type=\"column\">\n\t\t\t<div class=\"elementor-widget-wrap elementor-element-populated\">\n\t\t\t\t\t\t<div class=\"elementor-element elementor-element-de558f6 de_scroll_animation_no elementor-widget elementor-widget-text-editor\" data-id=\"de558f6\" data-element_type=\"widget\" data-e-type=\"widget\" data-widget_type=\"text-editor.default\">\n\t\t\t\t<div class=\"elementor-widget-container\">\n\t\t\t\t\t\t\t\t\t<h3 style=\"text-align: center;\">ARENA EVENTS es una agencia experta en la organizaci\u00f3n de eventos deportivos y profesionales.<\/h3><h3 style=\"text-align: center;\">Con nosotros, podr\u00e1 vivir experiencias creadas a medida e invitar a sus clientes a compartir estos momentos.<\/h3>\t\t\t\t\t\t\t\t<\/div>\n\t\t\t\t<\/div>\n\t\t\t\t\t<\/div>\n\t\t<\/div>\n\t\t\t\t\t<\/div>\n\t\t<\/section>\n\t\t\t\t<\/div>","protected":false},"excerpt":{"rendered":"<p>\u00c9v\u00e9nements d&rsquo;entreprisesen savoir plusSportsEn savoir plusFestivals &#038; SpectaclesEn savoir plusD\u00e9placements sportifs professionnelsEn savoir plus Pr\u00e9c\u00e9dent Suivant Arena events est une agence experte en organisation d&rsquo;e\u0301ve\u0301nements sportifs et professionnels. Vivez des exp\u00e9riences sur-mesure et invitez vos clients \u00e0 partager ces moments avec vous<\/p>","protected":false},"author":1,"featured_media":0,"parent":0,"menu_order":1,"comment_status":"closed","ping_status":"closed","template":"","meta":{"footnotes":""},"class_list":["post-11","page","type-page","status-publish","hentry"],"_links":{"self":[{"href":"https:\/\/www.arena-events.fr\/es\/wp-json\/wp\/v2\/pages\/11","targetHints":{"allow":["GET"]}}],"collection":[{"href":"https:\/\/www.arena-events.fr\/es\/wp-json\/wp\/v2\/pages"}],"about":[{"href":"https:\/\/www.arena-events.fr\/es\/wp-json\/wp\/v2\/types\/page"}],"author":[{"embeddable":true,"href":"https:\/\/www.arena-events.fr\/es\/wp-json\/wp\/v2\/users\/1"}],"replies":[{"embeddable":true,"href":"https:\/\/www.arena-events.fr\/es\/wp-json\/wp\/v2\/comments?post=11"}],"version-history":[{"count":22,"href":"https:\/\/www.arena-events.fr\/es\/wp-json\/wp\/v2\/pages\/11\/revisions"}],"predecessor-version":[{"id":1274,"href":"https:\/\/www.arena-events.fr\/es\/wp-json\/wp\/v2\/pages\/11\/revisions\/1274"}],"wp:attachment":[{"href":"https:\/\/www.arena-events.fr\/es\/wp-json\/wp\/v2\/media?parent=11"}],"curies":[{"name":"wp","href":"https:\/\/api.w.org\/{rel}","templated":true}]}}